{"id":701,"date":"2013-09-13T11:55:44","date_gmt":"2013-09-13T09:55:44","guid":{"rendered":"http:\/\/le-campus.org\/blog\/?page_id=701"},"modified":"2026-05-07T12:04:46","modified_gmt":"2026-05-07T10:04:46","slug":"activites-a-venir","status":"publish","type":"page","link":"https:\/\/le-campus.org\/blog\/activites-a-venir\/","title":{"rendered":"Activit\u00e9s"},"content":{"rendered":"\t\t<div data-elementor-type=\"wp-page\" data-elementor-id=\"701\" class=\"elementor elementor-701\">\n\t\t\t\t\t\t\t\t\t<section class=\"elementor-section elementor-top-section elementor-element elementor-element-15aa586e elementor-section-boxed elementor-section-height-default elementor-section-height-default\" data-id=\"15aa586e\" data-element_type=\"section\">\n\t\t\t\t\t\t<div class=\"elementor-container elementor-column-gap-default\">\n\t\t\t\t\t<div class=\"elementor-column elementor-col-100 elementor-top-column elementor-element elementor-element-10c133f0\" data-id=\"10c133f0\" data-element_type=\"column\">\n\t\t\t<div class=\"elementor-widget-wrap elementor-element-populated\">\n\t\t\t\t\t\t\t\t<div class=\"elementor-element elementor-element-6b517f89 elementor-widget elementor-widget-text-editor\" data-id=\"6b517f89\" data-element_type=\"widget\" data-widget_type=\"text-editor.default\">\n\t\t\t\t<div class=\"elementor-widget-container\">\n\t\t\t\t\t\t\t<p>Durant les vacances scolaires, nous proposons aux jeunes tout un panel d&rsquo;activit\u00e9s.<\/p>\n<p><strong>N&rsquo;oubliez pas qu&rsquo;il faut \u00eatre adh\u00e9rent au Campus pour vous inscrire aux activit\u00e9s !<\/strong><\/p>\n<p><\/p><\/div><\/div><\/div><\/div><\/div><\/section><\/div> <a href=\"https:\/\/le-campus.org\/blog\/activites-a-venir\/#more-701\" class=\"more-link elementor-more-link\"><span aria-label=\"Poursuivre la lecture Activit\u00e9s\">(plus\u2026)<\/span><\/a>","protected":false},"excerpt":{"rendered":"<p>Durant les vacances scolaires, nous proposons aux jeunes tout un panel d&rsquo;activit\u00e9s. N&rsquo;oubliez pas qu&rsquo;il faut \u00eatre adh\u00e9rent au Campus pour vous inscrire aux activit\u00e9s !<\/p>\n","protected":false},"author":1,"featured_media":0,"parent":0,"menu_order":1,"comment_status":"open","ping_status":"open","template":"","meta":{"jetpack_post_was_ever_published":false,"footnotes":""},"yoast_head":"<!-- This site is optimized with the Yoast SEO plugin v20.1 - https:\/\/yoast.com\/wordpress\/plugins\/seo\/ -->\n<title>Activit\u00e9s - Le Campus Espace Jeunes<\/title>\n<meta name=\"robots\" content=\"index, follow, max-snippet:-1, max-image-preview:large, max-video-preview:-1\" \/>\n<link rel=\"canonical\" href=\"https:\/\/le-campus.org\/blog\/activites-a-venir\/\" \/>\n<meta property=\"og:locale\" content=\"fr_FR\" \/>\n<meta property=\"og:type\" content=\"article\" \/>\n<meta property=\"og:title\" content=\"Activit\u00e9s - Le Campus Espace Jeunes\" \/>\n<meta property=\"og:description\" content=\"Durant les vacances scolaires, nous proposons aux jeunes tout un panel d&rsquo;activit\u00e9s. N&rsquo;oubliez pas qu&rsquo;il faut \u00eatre adh\u00e9rent au Campus pour vous inscrire aux activit\u00e9s !\" \/>\n<meta property=\"og:url\" content=\"https:\/\/le-campus.org\/blog\/activites-a-venir\/\" \/>\n<meta property=\"og:site_name\" content=\"Le Campus Espace Jeunes\" \/>\n<meta property=\"article:publisher\" content=\"https:\/\/www.facebook.com\/pages\/Le-Campus-Espace-Jeunes\/357197730957345\" \/>\n<meta property=\"article:modified_time\" content=\"2026-05-07T10:04:46+00:00\" \/>\n<meta property=\"og:image\" content=\"http:\/\/le-campus.org\/blog\/wp-content\/uploads\/2026\/05\/Ete-2026-COUV-1024x724.jpg\" \/>\n<script type=\"application\/ld+json\" class=\"yoast-schema-graph\">{\"@context\":\"https:\/\/schema.org\",\"@graph\":[{\"@type\":\"WebPage\",\"@id\":\"https:\/\/le-campus.org\/blog\/activites-a-venir\/\",\"url\":\"https:\/\/le-campus.org\/blog\/activites-a-venir\/\",\"name\":\"Activit\u00e9s - Le Campus Espace Jeunes\",\"isPartOf\":{\"@id\":\"http:\/\/le-campus.org\/blog\/#website\"},\"datePublished\":\"2013-09-13T09:55:44+00:00\",\"dateModified\":\"2026-05-07T10:04:46+00:00\",\"inLanguage\":\"fr-FR\",\"potentialAction\":[{\"@type\":\"ReadAction\",\"target\":[\"https:\/\/le-campus.org\/blog\/activites-a-venir\/\"]}]},{\"@type\":\"WebSite\",\"@id\":\"http:\/\/le-campus.org\/blog\/#website\",\"url\":\"http:\/\/le-campus.org\/blog\/\",\"name\":\"Le Campus Espace Jeunes\",\"description\":\"\",\"publisher\":{\"@id\":\"http:\/\/le-campus.org\/blog\/#organization\"},\"potentialAction\":[{\"@type\":\"SearchAction\",\"target\":{\"@type\":\"EntryPoint\",\"urlTemplate\":\"http:\/\/le-campus.org\/blog\/?s={search_term_string}\"},\"query-input\":\"required name=search_term_string\"}],\"inLanguage\":\"fr-FR\"},{\"@type\":\"Organization\",\"@id\":\"http:\/\/le-campus.org\/blog\/#organization\",\"name\":\"Le Campus Espace Jeunes\",\"url\":\"http:\/\/le-campus.org\/blog\/\",\"logo\":{\"@type\":\"ImageObject\",\"inLanguage\":\"fr-FR\",\"@id\":\"http:\/\/le-campus.org\/blog\/#\/schema\/logo\/image\/\",\"url\":\"https:\/\/i0.wp.com\/le-campus.org\/blog\/wp-content\/uploads\/2016\/09\/cropped-Logo_Long-2.png?fit=285%2C90&ssl=1\",\"contentUrl\":\"https:\/\/i0.wp.com\/le-campus.org\/blog\/wp-content\/uploads\/2016\/09\/cropped-Logo_Long-2.png?fit=285%2C90&ssl=1\",\"width\":285,\"height\":90,\"caption\":\"Le Campus Espace Jeunes\"},\"image\":{\"@id\":\"http:\/\/le-campus.org\/blog\/#\/schema\/logo\/image\/\"},\"sameAs\":[\"https:\/\/www.facebook.com\/pages\/Le-Campus-Espace-Jeunes\/357197730957345\"]}]}<\/script>\n<!-- \/ Yoast SEO plugin. -->","yoast_head_json":{"title":"Activit\u00e9s - Le Campus Espace Jeunes","robots":{"index":"index","follow":"follow","max-snippet":"max-snippet:-1","max-image-preview":"max-image-preview:large","max-video-preview":"max-video-preview:-1"},"canonical":"https:\/\/le-campus.org\/blog\/activites-a-venir\/","og_locale":"fr_FR","og_type":"article","og_title":"Activit\u00e9s - Le Campus Espace Jeunes","og_description":"Durant les vacances scolaires, nous proposons aux jeunes tout un panel d&rsquo;activit\u00e9s. N&rsquo;oubliez pas qu&rsquo;il faut \u00eatre adh\u00e9rent au Campus pour vous inscrire aux activit\u00e9s !","og_url":"https:\/\/le-campus.org\/blog\/activites-a-venir\/","og_site_name":"Le Campus Espace Jeunes","article_publisher":"https:\/\/www.facebook.com\/pages\/Le-Campus-Espace-Jeunes\/357197730957345","article_modified_time":"2026-05-07T10:04:46+00:00","og_image":[{"url":"http:\/\/le-campus.org\/blog\/wp-content\/uploads\/2026\/05\/Ete-2026-COUV-1024x724.jpg"}],"schema":{"@context":"https:\/\/schema.org","@graph":[{"@type":"WebPage","@id":"https:\/\/le-campus.org\/blog\/activites-a-venir\/","url":"https:\/\/le-campus.org\/blog\/activites-a-venir\/","name":"Activit\u00e9s - Le Campus Espace Jeunes","isPartOf":{"@id":"http:\/\/le-campus.org\/blog\/#website"},"datePublished":"2013-09-13T09:55:44+00:00","dateModified":"2026-05-07T10:04:46+00:00","inLanguage":"fr-FR","potentialAction":[{"@type":"ReadAction","target":["https:\/\/le-campus.org\/blog\/activites-a-venir\/"]}]},{"@type":"WebSite","@id":"http:\/\/le-campus.org\/blog\/#website","url":"http:\/\/le-campus.org\/blog\/","name":"Le Campus Espace Jeunes","description":"","publisher":{"@id":"http:\/\/le-campus.org\/blog\/#organization"},"potentialAction":[{"@type":"SearchAction","target":{"@type":"EntryPoint","urlTemplate":"http:\/\/le-campus.org\/blog\/?s={search_term_string}"},"query-input":"required name=search_term_string"}],"inLanguage":"fr-FR"},{"@type":"Organization","@id":"http:\/\/le-campus.org\/blog\/#organization","name":"Le Campus Espace Jeunes","url":"http:\/\/le-campus.org\/blog\/","logo":{"@type":"ImageObject","inLanguage":"fr-FR","@id":"http:\/\/le-campus.org\/blog\/#\/schema\/logo\/image\/","url":"https:\/\/i0.wp.com\/le-campus.org\/blog\/wp-content\/uploads\/2016\/09\/cropped-Logo_Long-2.png?fit=285%2C90&ssl=1","contentUrl":"https:\/\/i0.wp.com\/le-campus.org\/blog\/wp-content\/uploads\/2016\/09\/cropped-Logo_Long-2.png?fit=285%2C90&ssl=1","width":285,"height":90,"caption":"Le Campus Espace Jeunes"},"image":{"@id":"http:\/\/le-campus.org\/blog\/#\/schema\/logo\/image\/"},"sameAs":["https:\/\/www.facebook.com\/pages\/Le-Campus-Espace-Jeunes\/357197730957345"]}]}},"jetpack_sharing_enabled":true,"jetpack_shortlink":"https:\/\/wp.me\/P7SwBl-bj","jetpack-related-posts":[],"amp_enabled":true,"_links":{"self":[{"href":"https:\/\/le-campus.org\/blog\/wp-json\/wp\/v2\/pages\/701"}],"collection":[{"href":"https:\/\/le-campus.org\/blog\/wp-json\/wp\/v2\/pages"}],"about":[{"href":"https:\/\/le-campus.org\/blog\/wp-json\/wp\/v2\/types\/page"}],"author":[{"embeddable":true,"href":"https:\/\/le-campus.org\/blog\/wp-json\/wp\/v2\/users\/1"}],"replies":[{"embeddable":true,"href":"https:\/\/le-campus.org\/blog\/wp-json\/wp\/v2\/comments?post=701"}],"version-history":[{"count":50,"href":"https:\/\/le-campus.org\/blog\/wp-json\/wp\/v2\/pages\/701\/revisions"}],"predecessor-version":[{"id":15319,"href":"https:\/\/le-campus.org\/blog\/wp-json\/wp\/v2\/pages\/701\/revisions\/15319"}],"wp:attachment":[{"href":"https:\/\/le-campus.org\/blog\/wp-json\/wp\/v2\/media?parent=701"}],"curies":[{"name":"wp","href":"https:\/\/api.w.org\/{rel}","templated":true}]}}