{"id":14114,"date":"2024-07-09T13:46:34","date_gmt":"2024-07-09T11:46:34","guid":{"rendered":"http:\/\/le-campus.org\/blog\/?page_id=14114"},"modified":"2024-07-09T13:54:39","modified_gmt":"2024-07-09T11:54:39","slug":"formation-smartphone-tablette","status":"publish","type":"page","link":"https:\/\/le-campus.org\/blog\/formation-smartphone-tablette\/","title":{"rendered":"Formation Smartphone\/Tablette"},"content":{"rendered":"\t\t<div data-elementor-type=\"wp-page\" data-elementor-id=\"14114\" class=\"elementor elementor-14114\">\n\t\t\t\t\t\t\t\t\t<section class=\"elementor-section elementor-top-section elementor-element elementor-element-5ad64fe elementor-section-boxed elementor-section-height-default elementor-section-height-default\" data-id=\"5ad64fe\" data-element_type=\"section\">\n\t\t\t\t\t\t<div class=\"elementor-container elementor-column-gap-default\">\n\t\t\t\t\t<div class=\"elementor-column elementor-col-100 elementor-top-column elementor-element elementor-element-d66a4d6\" data-id=\"d66a4d6\" data-element_type=\"column\">\n\t\t\t<div class=\"elementor-widget-wrap elementor-element-populated\">\n\t\t\t\t\t\t\t\t<div class=\"elementor-element elementor-element-711dadd elementor-widget elementor-widget-text-editor\" data-id=\"711dadd\" data-element_type=\"widget\" data-widget_type=\"text-editor.default\">\n\t\t\t\t<div class=\"elementor-widget-container\">\n\t\t\t\t\t\t\t<p>En Partenariat avec l&rsquo;ASEPT des Pays de La Loire, l&rsquo;animateur num\u00e9rique du Campus accompagne des groupes de s\u00e9niors&nbsp; de 9 personnes maximum sur des formations d&rsquo;une dur\u00e9e de dix s\u00e9ances de deux heures. Le principal objectif \u00e9tant de d\u00e9velopper l&rsquo;autonomie num\u00e9rique des participants. <br><\/p>\t\t\t\t\t\t<\/div>\n\t\t\t\t<\/div>\n\t\t\t\t<div class=\"elementor-element elementor-element-1d6471a elementor-widget elementor-widget-image\" data-id=\"1d6471a\" data-element_type=\"widget\" data-widget_type=\"image.default\">\n\t\t\t\t<div class=\"elementor-widget-container\">\n\t\t\t\t\t\t\t\t\t\t\t\t\t\t\t<img loading=\"lazy\" decoding=\"async\" width=\"800\" height=\"600\" src=\"https:\/\/i0.wp.com\/le-campus.org\/blog\/wp-content\/uploads\/2024\/07\/IMG_5092-scaled.jpg?fit=800%2C600&amp;ssl=1\" class=\"attachment-large size-large wp-image-14121\" alt=\"\" srcset=\"https:\/\/i0.wp.com\/le-campus.org\/blog\/wp-content\/uploads\/2024\/07\/IMG_5092-scaled.jpg?w=2560&amp;ssl=1 2560w, https:\/\/i0.wp.com\/le-campus.org\/blog\/wp-content\/uploads\/2024\/07\/IMG_5092-scaled.jpg?resize=300%2C225&amp;ssl=1 300w, https:\/\/i0.wp.com\/le-campus.org\/blog\/wp-content\/uploads\/2024\/07\/IMG_5092-scaled.jpg?resize=1024%2C768&amp;ssl=1 1024w, https:\/\/i0.wp.com\/le-campus.org\/blog\/wp-content\/uploads\/2024\/07\/IMG_5092-scaled.jpg?resize=768%2C576&amp;ssl=1 768w, https:\/\/i0.wp.com\/le-campus.org\/blog\/wp-content\/uploads\/2024\/07\/IMG_5092-scaled.jpg?resize=1536%2C1152&amp;ssl=1 1536w, https:\/\/i0.wp.com\/le-campus.org\/blog\/wp-content\/uploads\/2024\/07\/IMG_5092-scaled.jpg?resize=2048%2C1536&amp;ssl=1 2048w, https:\/\/i0.wp.com\/le-campus.org\/blog\/wp-content\/uploads\/2024\/07\/IMG_5092-scaled.jpg?resize=1320%2C990&amp;ssl=1 1320w, https:\/\/i0.wp.com\/le-campus.org\/blog\/wp-content\/uploads\/2024\/07\/IMG_5092-scaled.jpg?w=1600 1600w, https:\/\/i0.wp.com\/le-campus.org\/blog\/wp-content\/uploads\/2024\/07\/IMG_5092-scaled.jpg?w=2400 2400w\" sizes=\"(max-width: 800px) 100vw, 800px\" \/>\t\t\t\t\t\t\t\t\t\t\t\t\t\t\t<\/div>\n\t\t\t\t<\/div>\n\t\t\t\t<div class=\"elementor-element elementor-element-41fe88e elementor-widget elementor-widget-image\" data-id=\"41fe88e\" data-element_type=\"widget\" data-widget_type=\"image.default\">\n\t\t\t\t<div class=\"elementor-widget-container\">\n\t\t\t\t\t\t\t\t\t\t\t\t\t\t\t<img loading=\"lazy\" decoding=\"async\" width=\"800\" height=\"600\" src=\"https:\/\/i0.wp.com\/le-campus.org\/blog\/wp-content\/uploads\/2024\/07\/436086432_1487368961852806_7980335297684173744_n.jpg?fit=800%2C600&amp;ssl=1\" class=\"attachment-large size-large wp-image-14120\" alt=\"\" srcset=\"https:\/\/i0.wp.com\/le-campus.org\/blog\/wp-content\/uploads\/2024\/07\/436086432_1487368961852806_7980335297684173744_n.jpg?w=2000&amp;ssl=1 2000w, https:\/\/i0.wp.com\/le-campus.org\/blog\/wp-content\/uploads\/2024\/07\/436086432_1487368961852806_7980335297684173744_n.jpg?resize=300%2C225&amp;ssl=1 300w, https:\/\/i0.wp.com\/le-campus.org\/blog\/wp-content\/uploads\/2024\/07\/436086432_1487368961852806_7980335297684173744_n.jpg?resize=1024%2C768&amp;ssl=1 1024w, https:\/\/i0.wp.com\/le-campus.org\/blog\/wp-content\/uploads\/2024\/07\/436086432_1487368961852806_7980335297684173744_n.jpg?resize=768%2C576&amp;ssl=1 768w, https:\/\/i0.wp.com\/le-campus.org\/blog\/wp-content\/uploads\/2024\/07\/436086432_1487368961852806_7980335297684173744_n.jpg?resize=1536%2C1152&amp;ssl=1 1536w, https:\/\/i0.wp.com\/le-campus.org\/blog\/wp-content\/uploads\/2024\/07\/436086432_1487368961852806_7980335297684173744_n.jpg?resize=1320%2C990&amp;ssl=1 1320w, https:\/\/i0.wp.com\/le-campus.org\/blog\/wp-content\/uploads\/2024\/07\/436086432_1487368961852806_7980335297684173744_n.jpg?w=1600 1600w\" sizes=\"(max-width: 800px) 100vw, 800px\" \/>\t\t\t\t\t\t\t\t\t\t\t\t\t\t\t<\/div>\n\t\t\t\t<\/div>\n\t\t\t\t\t<\/div>\n\t\t<\/div>\n\t\t\t\t\t\t\t<\/div>\n\t\t<\/section>\n\t\t\t\t<section class=\"elementor-section elementor-top-section elementor-element elementor-element-ada6be5 elementor-section-boxed elementor-section-height-default elementor-section-height-default\" data-id=\"ada6be5\" data-element_type=\"section\">\n\t\t\t\t\t\t<div class=\"elementor-container elementor-column-gap-default\">\n\t\t\t\t\t<div class=\"elementor-column elementor-col-100 elementor-top-column elementor-element elementor-element-0060788\" data-id=\"0060788\" data-element_type=\"column\">\n\t\t\t<div class=\"elementor-widget-wrap\">\n\t\t\t\t\t\t\t\t\t<\/div>\n\t\t<\/div>\n\t\t\t\t\t\t\t<\/div>\n\t\t<\/section>\n\t\t\t\t\t\t\t<\/div>\n\t\t","protected":false},"excerpt":{"rendered":"<p>En Partenariat avec l&rsquo;ASEPT des Pays de La Loire, l&rsquo;animateur num\u00e9rique du Campus accompagne des groupes de s\u00e9niors&nbsp; de 9 personnes maximum sur des formations d&rsquo;une dur\u00e9e de dix s\u00e9ances &#8230;<\/p>\n","protected":false},"author":1,"featured_media":0,"parent":0,"menu_order":0,"comment_status":"closed","ping_status":"closed","template":"","meta":{"jetpack_post_was_ever_published":false,"footnotes":""},"yoast_head":"<!-- This site is optimized with the Yoast SEO plugin v20.1 - https:\/\/yoast.com\/wordpress\/plugins\/seo\/ -->\n<title>Formation Smartphone\/Tablette - Le Campus Espace Jeunes<\/title>\n<meta name=\"robots\" content=\"index, follow, max-snippet:-1, max-image-preview:large, max-video-preview:-1\" \/>\n<link rel=\"canonical\" href=\"http:\/\/le-campus.org\/blog\/formation-smartphone-tablette\/\" \/>\n<meta property=\"og:locale\" content=\"fr_FR\" \/>\n<meta property=\"og:type\" content=\"article\" \/>\n<meta property=\"og:title\" content=\"Formation Smartphone\/Tablette - Le Campus Espace Jeunes\" \/>\n<meta property=\"og:description\" content=\"En Partenariat avec l&rsquo;ASEPT des Pays de La Loire, l&rsquo;animateur num\u00e9rique du Campus accompagne des groupes de s\u00e9niors&nbsp; de 9 personnes maximum sur des formations d&rsquo;une dur\u00e9e de dix s\u00e9ances ...\" \/>\n<meta property=\"og:url\" content=\"http:\/\/le-campus.org\/blog\/formation-smartphone-tablette\/\" \/>\n<meta property=\"og:site_name\" content=\"Le Campus Espace Jeunes\" \/>\n<meta property=\"article:publisher\" content=\"https:\/\/www.facebook.com\/pages\/Le-Campus-Espace-Jeunes\/357197730957345\" \/>\n<meta property=\"article:modified_time\" content=\"2024-07-09T11:54:39+00:00\" \/>\n<meta property=\"og:image\" content=\"http:\/\/le-campus.org\/blog\/wp-content\/uploads\/2024\/07\/IMG_5092-1024x768.jpg\" \/>\n<script type=\"application\/ld+json\" class=\"yoast-schema-graph\">{\"@context\":\"https:\/\/schema.org\",\"@graph\":[{\"@type\":\"WebPage\",\"@id\":\"http:\/\/le-campus.org\/blog\/formation-smartphone-tablette\/\",\"url\":\"http:\/\/le-campus.org\/blog\/formation-smartphone-tablette\/\",\"name\":\"Formation Smartphone\/Tablette - Le Campus Espace Jeunes\",\"isPartOf\":{\"@id\":\"https:\/\/le-campus.org\/blog\/#website\"},\"datePublished\":\"2024-07-09T11:46:34+00:00\",\"dateModified\":\"2024-07-09T11:54:39+00:00\",\"inLanguage\":\"fr-FR\",\"potentialAction\":[{\"@type\":\"ReadAction\",\"target\":[\"http:\/\/le-campus.org\/blog\/formation-smartphone-tablette\/\"]}]},{\"@type\":\"WebSite\",\"@id\":\"https:\/\/le-campus.org\/blog\/#website\",\"url\":\"https:\/\/le-campus.org\/blog\/\",\"name\":\"Le Campus Espace Jeunes\",\"description\":\"\",\"publisher\":{\"@id\":\"https:\/\/le-campus.org\/blog\/#organization\"},\"potentialAction\":[{\"@type\":\"SearchAction\",\"target\":{\"@type\":\"EntryPoint\",\"urlTemplate\":\"https:\/\/le-campus.org\/blog\/?s={search_term_string}\"},\"query-input\":\"required name=search_term_string\"}],\"inLanguage\":\"fr-FR\"},{\"@type\":\"Organization\",\"@id\":\"https:\/\/le-campus.org\/blog\/#organization\",\"name\":\"Le Campus Espace Jeunes\",\"url\":\"https:\/\/le-campus.org\/blog\/\",\"logo\":{\"@type\":\"ImageObject\",\"inLanguage\":\"fr-FR\",\"@id\":\"https:\/\/le-campus.org\/blog\/#\/schema\/logo\/image\/\",\"url\":\"https:\/\/i0.wp.com\/le-campus.org\/blog\/wp-content\/uploads\/2016\/09\/cropped-Logo_Long-2.png?fit=285%2C90&ssl=1\",\"contentUrl\":\"https:\/\/i0.wp.com\/le-campus.org\/blog\/wp-content\/uploads\/2016\/09\/cropped-Logo_Long-2.png?fit=285%2C90&ssl=1\",\"width\":285,\"height\":90,\"caption\":\"Le Campus Espace Jeunes\"},\"image\":{\"@id\":\"https:\/\/le-campus.org\/blog\/#\/schema\/logo\/image\/\"},\"sameAs\":[\"https:\/\/www.facebook.com\/pages\/Le-Campus-Espace-Jeunes\/357197730957345\"]}]}<\/script>\n<!-- \/ Yoast SEO plugin. -->","yoast_head_json":{"title":"Formation Smartphone\/Tablette - Le Campus Espace Jeunes","robots":{"index":"index","follow":"follow","max-snippet":"max-snippet:-1","max-image-preview":"max-image-preview:large","max-video-preview":"max-video-preview:-1"},"canonical":"http:\/\/le-campus.org\/blog\/formation-smartphone-tablette\/","og_locale":"fr_FR","og_type":"article","og_title":"Formation Smartphone\/Tablette - Le Campus Espace Jeunes","og_description":"En Partenariat avec l&rsquo;ASEPT des Pays de La Loire, l&rsquo;animateur num\u00e9rique du Campus accompagne des groupes de s\u00e9niors&nbsp; de 9 personnes maximum sur des formations d&rsquo;une dur\u00e9e de dix s\u00e9ances ...","og_url":"http:\/\/le-campus.org\/blog\/formation-smartphone-tablette\/","og_site_name":"Le Campus Espace Jeunes","article_publisher":"https:\/\/www.facebook.com\/pages\/Le-Campus-Espace-Jeunes\/357197730957345","article_modified_time":"2024-07-09T11:54:39+00:00","og_image":[{"url":"http:\/\/le-campus.org\/blog\/wp-content\/uploads\/2024\/07\/IMG_5092-1024x768.jpg"}],"schema":{"@context":"https:\/\/schema.org","@graph":[{"@type":"WebPage","@id":"http:\/\/le-campus.org\/blog\/formation-smartphone-tablette\/","url":"http:\/\/le-campus.org\/blog\/formation-smartphone-tablette\/","name":"Formation Smartphone\/Tablette - Le Campus Espace Jeunes","isPartOf":{"@id":"https:\/\/le-campus.org\/blog\/#website"},"datePublished":"2024-07-09T11:46:34+00:00","dateModified":"2024-07-09T11:54:39+00:00","inLanguage":"fr-FR","potentialAction":[{"@type":"ReadAction","target":["http:\/\/le-campus.org\/blog\/formation-smartphone-tablette\/"]}]},{"@type":"WebSite","@id":"https:\/\/le-campus.org\/blog\/#website","url":"https:\/\/le-campus.org\/blog\/","name":"Le Campus Espace Jeunes","description":"","publisher":{"@id":"https:\/\/le-campus.org\/blog\/#organization"},"potentialAction":[{"@type":"SearchAction","target":{"@type":"EntryPoint","urlTemplate":"https:\/\/le-campus.org\/blog\/?s={search_term_string}"},"query-input":"required name=search_term_string"}],"inLanguage":"fr-FR"},{"@type":"Organization","@id":"https:\/\/le-campus.org\/blog\/#organization","name":"Le Campus Espace Jeunes","url":"https:\/\/le-campus.org\/blog\/","logo":{"@type":"ImageObject","inLanguage":"fr-FR","@id":"https:\/\/le-campus.org\/blog\/#\/schema\/logo\/image\/","url":"https:\/\/i0.wp.com\/le-campus.org\/blog\/wp-content\/uploads\/2016\/09\/cropped-Logo_Long-2.png?fit=285%2C90&ssl=1","contentUrl":"https:\/\/i0.wp.com\/le-campus.org\/blog\/wp-content\/uploads\/2016\/09\/cropped-Logo_Long-2.png?fit=285%2C90&ssl=1","width":285,"height":90,"caption":"Le Campus Espace Jeunes"},"image":{"@id":"https:\/\/le-campus.org\/blog\/#\/schema\/logo\/image\/"},"sameAs":["https:\/\/www.facebook.com\/pages\/Le-Campus-Espace-Jeunes\/357197730957345"]}]}},"jetpack_sharing_enabled":true,"jetpack_shortlink":"https:\/\/wp.me\/P7SwBl-3FE","jetpack-related-posts":[],"amp_enabled":true,"_links":{"self":[{"href":"https:\/\/le-campus.org\/blog\/wp-json\/wp\/v2\/pages\/14114"}],"collection":[{"href":"https:\/\/le-campus.org\/blog\/wp-json\/wp\/v2\/pages"}],"about":[{"href":"https:\/\/le-campus.org\/blog\/wp-json\/wp\/v2\/types\/page"}],"author":[{"embeddable":true,"href":"https:\/\/le-campus.org\/blog\/wp-json\/wp\/v2\/users\/1"}],"replies":[{"embeddable":true,"href":"https:\/\/le-campus.org\/blog\/wp-json\/wp\/v2\/comments?post=14114"}],"version-history":[{"count":4,"href":"https:\/\/le-campus.org\/blog\/wp-json\/wp\/v2\/pages\/14114\/revisions"}],"predecessor-version":[{"id":14124,"href":"https:\/\/le-campus.org\/blog\/wp-json\/wp\/v2\/pages\/14114\/revisions\/14124"}],"wp:attachment":[{"href":"https:\/\/le-campus.org\/blog\/wp-json\/wp\/v2\/media?parent=14114"}],"curies":[{"name":"wp","href":"https:\/\/api.w.org\/{rel}","templated":true}]}}