{"id":11753,"date":"2022-02-14T16:48:55","date_gmt":"2022-02-14T14:48:55","guid":{"rendered":"http:\/\/le-campus.org\/blog\/?page_id=11753"},"modified":"2023-01-10T15:49:37","modified_gmt":"2023-01-10T13:49:37","slug":"gazettes-du-mathu","status":"publish","type":"page","link":"https:\/\/le-campus.org\/blog\/gazettes-du-mathu\/","title":{"rendered":"Gazettes du Mathu"},"content":{"rendered":"\t\t<div data-elementor-type=\"wp-page\" data-elementor-id=\"11753\" class=\"elementor elementor-11753\">\n\t\t\t\t\t\t\t\t\t<section class=\"elementor-section elementor-top-section elementor-element elementor-element-146bd84 elementor-section-boxed elementor-section-height-default elementor-section-height-default\" data-id=\"146bd84\" data-element_type=\"section\">\n\t\t\t\t\t\t<div class=\"elementor-container elementor-column-gap-default\">\n\t\t\t\t\t<div class=\"elementor-column elementor-col-100 elementor-top-column elementor-element elementor-element-5fd77e7\" data-id=\"5fd77e7\" data-element_type=\"column\">\n\t\t\t<div class=\"elementor-widget-wrap elementor-element-populated\">\n\t\t\t\t\t\t\t\t<div class=\"elementor-element elementor-element-6b5eefb elementor-widget elementor-widget-text-editor\" data-id=\"6b5eefb\" data-element_type=\"widget\" data-widget_type=\"text-editor.default\">\n\t\t\t\t<div class=\"elementor-widget-container\">\n\t\t\t\t\t\t\t<p>La Gazette du Mathurin est un journal cr\u00e9\u00e9 par les jeunes de l&rsquo;atelier journal. <\/p><p>Voici les derniers num\u00e9ros parus :<\/p><p>(Pour les afficher et les t\u00e9l\u00e9charger, cliquez sur la couverture de journal)<\/p>\t\t\t\t\t\t<\/div>\n\t\t\t\t<\/div>\n\t\t\t\t\t<\/div>\n\t\t<\/div>\n\t\t\t\t\t\t\t<\/div>\n\t\t<\/section>\n\t\t\t\t<section class=\"elementor-section elementor-top-section elementor-element elementor-element-3c30787 elementor-section-boxed elementor-section-height-default elementor-section-height-default\" data-id=\"3c30787\" data-element_type=\"section\">\n\t\t\t\t\t\t<div class=\"elementor-container elementor-column-gap-default\">\n\t\t\t\t\t<div class=\"elementor-column elementor-col-100 elementor-top-column elementor-element elementor-element-54edeef\" data-id=\"54edeef\" data-element_type=\"column\">\n\t\t\t<div class=\"elementor-widget-wrap elementor-element-populated\">\n\t\t\t\t\t\t\t\t<div class=\"elementor-element elementor-element-27832bc elementor-widget elementor-widget-image\" data-id=\"27832bc\" data-element_type=\"widget\" data-widget_type=\"image.default\">\n\t\t\t\t<div class=\"elementor-widget-container\">\n\t\t\t\t\t\t\t\t\t\t\t\t\t\t\t\t<a href=\"https:\/\/wp.me\/a7SwBl-3ll\">\n\t\t\t\t\t\t\t<img loading=\"lazy\" decoding=\"async\" width=\"212\" height=\"300\" src=\"https:\/\/i0.wp.com\/le-campus.org\/blog\/wp-content\/uploads\/2023\/01\/ptit-mat-63-couv.png?fit=212%2C300&amp;ssl=1\" class=\"attachment-medium size-medium wp-image-12854\" alt=\"\" srcset=\"https:\/\/i0.wp.com\/le-campus.org\/blog\/wp-content\/uploads\/2023\/01\/ptit-mat-63-couv.png?w=644&amp;ssl=1 644w, https:\/\/i0.wp.com\/le-campus.org\/blog\/wp-content\/uploads\/2023\/01\/ptit-mat-63-couv.png?resize=212%2C300&amp;ssl=1 212w\" sizes=\"(max-width: 212px) 100vw, 212px\" \/>\t\t\t\t\t\t\t\t<\/a>\n\t\t\t\t\t\t\t\t\t\t\t\t\t\t\t<\/div>\n\t\t\t\t<\/div>\n\t\t\t\t<div class=\"elementor-element elementor-element-43e52fc elementor-widget elementor-widget-image\" data-id=\"43e52fc\" data-element_type=\"widget\" data-widget_type=\"image.default\">\n\t\t\t\t<div class=\"elementor-widget-container\">\n\t\t\t\t\t\t\t\t\t\t\t\t\t\t\t\t<a href=\"https:\/\/wp.me\/a7SwBl-33D\">\n\t\t\t\t\t\t\t<img loading=\"lazy\" decoding=\"async\" width=\"211\" height=\"300\" src=\"https:\/\/i0.wp.com\/le-campus.org\/blog\/wp-content\/uploads\/2022\/02\/Gazette-numero-61-couv.png?fit=211%2C300&amp;ssl=1\" class=\"attachment-medium size-medium wp-image-11758\" alt=\"\" srcset=\"https:\/\/i0.wp.com\/le-campus.org\/blog\/wp-content\/uploads\/2022\/02\/Gazette-numero-61-couv.png?w=424&amp;ssl=1 424w, https:\/\/i0.wp.com\/le-campus.org\/blog\/wp-content\/uploads\/2022\/02\/Gazette-numero-61-couv.png?resize=211%2C300&amp;ssl=1 211w\" sizes=\"(max-width: 211px) 100vw, 211px\" \/>\t\t\t\t\t\t\t\t<\/a>\n\t\t\t\t\t\t\t\t\t\t\t\t\t\t\t<\/div>\n\t\t\t\t<\/div>\n\t\t\t\t\t<\/div>\n\t\t<\/div>\n\t\t\t\t\t\t\t<\/div>\n\t\t<\/section>\n\t\t\t\t<section class=\"elementor-section elementor-top-section elementor-element elementor-element-797f0b9 elementor-section-boxed elementor-section-height-default elementor-section-height-default\" data-id=\"797f0b9\" data-element_type=\"section\">\n\t\t\t\t\t\t<div class=\"elementor-container elementor-column-gap-default\">\n\t\t\t\t\t<div class=\"elementor-column elementor-col-100 elementor-top-column elementor-element elementor-element-f98096f\" data-id=\"f98096f\" data-element_type=\"column\">\n\t\t\t<div class=\"elementor-widget-wrap\">\n\t\t\t\t\t\t\t\t\t<\/div>\n\t\t<\/div>\n\t\t\t\t\t\t\t<\/div>\n\t\t<\/section>\n\t\t\t\t\t\t\t<\/div>\n\t\t","protected":false},"excerpt":{"rendered":"<p>La Gazette du Mathurin est un journal cr\u00e9\u00e9 par les jeunes de l&rsquo;atelier journal. Voici les derniers num\u00e9ros parus : (Pour les afficher et les t\u00e9l\u00e9charger, cliquez sur la couverture &#8230;<\/p>\n","protected":false},"author":1,"featured_media":0,"parent":0,"menu_order":0,"comment_status":"closed","ping_status":"closed","template":"","meta":{"jetpack_post_was_ever_published":false,"footnotes":""},"yoast_head":"<!-- This site is optimized with the Yoast SEO plugin v20.1 - https:\/\/yoast.com\/wordpress\/plugins\/seo\/ -->\n<title>Gazettes du Mathu - Le Campus Espace Jeunes<\/title>\n<meta name=\"robots\" content=\"index, follow, max-snippet:-1, max-image-preview:large, max-video-preview:-1\" \/>\n<link rel=\"canonical\" href=\"http:\/\/le-campus.org\/blog\/gazettes-du-mathu\/\" \/>\n<meta property=\"og:locale\" content=\"fr_FR\" \/>\n<meta property=\"og:type\" content=\"article\" \/>\n<meta property=\"og:title\" content=\"Gazettes du Mathu - Le Campus Espace Jeunes\" \/>\n<meta property=\"og:description\" content=\"La Gazette du Mathurin est un journal cr\u00e9\u00e9 par les jeunes de l&rsquo;atelier journal. Voici les derniers num\u00e9ros parus : (Pour les afficher et les t\u00e9l\u00e9charger, cliquez sur la couverture ...\" \/>\n<meta property=\"og:url\" content=\"http:\/\/le-campus.org\/blog\/gazettes-du-mathu\/\" \/>\n<meta property=\"og:site_name\" content=\"Le Campus Espace Jeunes\" \/>\n<meta property=\"article:publisher\" content=\"https:\/\/www.facebook.com\/pages\/Le-Campus-Espace-Jeunes\/357197730957345\" \/>\n<meta property=\"article:modified_time\" content=\"2023-01-10T13:49:37+00:00\" \/>\n<meta property=\"og:image\" content=\"http:\/\/le-campus.org\/blog\/wp-content\/uploads\/2023\/01\/ptit-mat-63-couv-212x300.png\" \/>\n<meta name=\"twitter:label1\" content=\"Dur\u00e9e de lecture estim\u00e9e\" \/>\n\t<meta name=\"twitter:data1\" content=\"1 minute\" \/>\n<script type=\"application\/ld+json\" class=\"yoast-schema-graph\">{\"@context\":\"https:\/\/schema.org\",\"@graph\":[{\"@type\":\"WebPage\",\"@id\":\"http:\/\/le-campus.org\/blog\/gazettes-du-mathu\/\",\"url\":\"http:\/\/le-campus.org\/blog\/gazettes-du-mathu\/\",\"name\":\"Gazettes du Mathu - Le Campus Espace Jeunes\",\"isPartOf\":{\"@id\":\"https:\/\/le-campus.org\/blog\/#website\"},\"datePublished\":\"2022-02-14T14:48:55+00:00\",\"dateModified\":\"2023-01-10T13:49:37+00:00\",\"inLanguage\":\"fr-FR\",\"potentialAction\":[{\"@type\":\"ReadAction\",\"target\":[\"http:\/\/le-campus.org\/blog\/gazettes-du-mathu\/\"]}]},{\"@type\":\"WebSite\",\"@id\":\"https:\/\/le-campus.org\/blog\/#website\",\"url\":\"https:\/\/le-campus.org\/blog\/\",\"name\":\"Le Campus Espace Jeunes\",\"description\":\"\",\"publisher\":{\"@id\":\"https:\/\/le-campus.org\/blog\/#organization\"},\"potentialAction\":[{\"@type\":\"SearchAction\",\"target\":{\"@type\":\"EntryPoint\",\"urlTemplate\":\"https:\/\/le-campus.org\/blog\/?s={search_term_string}\"},\"query-input\":\"required name=search_term_string\"}],\"inLanguage\":\"fr-FR\"},{\"@type\":\"Organization\",\"@id\":\"https:\/\/le-campus.org\/blog\/#organization\",\"name\":\"Le Campus Espace Jeunes\",\"url\":\"https:\/\/le-campus.org\/blog\/\",\"logo\":{\"@type\":\"ImageObject\",\"inLanguage\":\"fr-FR\",\"@id\":\"https:\/\/le-campus.org\/blog\/#\/schema\/logo\/image\/\",\"url\":\"https:\/\/i0.wp.com\/le-campus.org\/blog\/wp-content\/uploads\/2016\/09\/cropped-Logo_Long-2.png?fit=285%2C90&ssl=1\",\"contentUrl\":\"https:\/\/i0.wp.com\/le-campus.org\/blog\/wp-content\/uploads\/2016\/09\/cropped-Logo_Long-2.png?fit=285%2C90&ssl=1\",\"width\":285,\"height\":90,\"caption\":\"Le Campus Espace Jeunes\"},\"image\":{\"@id\":\"https:\/\/le-campus.org\/blog\/#\/schema\/logo\/image\/\"},\"sameAs\":[\"https:\/\/www.facebook.com\/pages\/Le-Campus-Espace-Jeunes\/357197730957345\"]}]}<\/script>\n<!-- \/ Yoast SEO plugin. -->","yoast_head_json":{"title":"Gazettes du Mathu - Le Campus Espace Jeunes","robots":{"index":"index","follow":"follow","max-snippet":"max-snippet:-1","max-image-preview":"max-image-preview:large","max-video-preview":"max-video-preview:-1"},"canonical":"http:\/\/le-campus.org\/blog\/gazettes-du-mathu\/","og_locale":"fr_FR","og_type":"article","og_title":"Gazettes du Mathu - Le Campus Espace Jeunes","og_description":"La Gazette du Mathurin est un journal cr\u00e9\u00e9 par les jeunes de l&rsquo;atelier journal. Voici les derniers num\u00e9ros parus : (Pour les afficher et les t\u00e9l\u00e9charger, cliquez sur la couverture ...","og_url":"http:\/\/le-campus.org\/blog\/gazettes-du-mathu\/","og_site_name":"Le Campus Espace Jeunes","article_publisher":"https:\/\/www.facebook.com\/pages\/Le-Campus-Espace-Jeunes\/357197730957345","article_modified_time":"2023-01-10T13:49:37+00:00","og_image":[{"url":"http:\/\/le-campus.org\/blog\/wp-content\/uploads\/2023\/01\/ptit-mat-63-couv-212x300.png"}],"twitter_misc":{"Dur\u00e9e de lecture estim\u00e9e":"1 minute"},"schema":{"@context":"https:\/\/schema.org","@graph":[{"@type":"WebPage","@id":"http:\/\/le-campus.org\/blog\/gazettes-du-mathu\/","url":"http:\/\/le-campus.org\/blog\/gazettes-du-mathu\/","name":"Gazettes du Mathu - Le Campus Espace Jeunes","isPartOf":{"@id":"https:\/\/le-campus.org\/blog\/#website"},"datePublished":"2022-02-14T14:48:55+00:00","dateModified":"2023-01-10T13:49:37+00:00","inLanguage":"fr-FR","potentialAction":[{"@type":"ReadAction","target":["http:\/\/le-campus.org\/blog\/gazettes-du-mathu\/"]}]},{"@type":"WebSite","@id":"https:\/\/le-campus.org\/blog\/#website","url":"https:\/\/le-campus.org\/blog\/","name":"Le Campus Espace Jeunes","description":"","publisher":{"@id":"https:\/\/le-campus.org\/blog\/#organization"},"potentialAction":[{"@type":"SearchAction","target":{"@type":"EntryPoint","urlTemplate":"https:\/\/le-campus.org\/blog\/?s={search_term_string}"},"query-input":"required name=search_term_string"}],"inLanguage":"fr-FR"},{"@type":"Organization","@id":"https:\/\/le-campus.org\/blog\/#organization","name":"Le Campus Espace Jeunes","url":"https:\/\/le-campus.org\/blog\/","logo":{"@type":"ImageObject","inLanguage":"fr-FR","@id":"https:\/\/le-campus.org\/blog\/#\/schema\/logo\/image\/","url":"https:\/\/i0.wp.com\/le-campus.org\/blog\/wp-content\/uploads\/2016\/09\/cropped-Logo_Long-2.png?fit=285%2C90&ssl=1","contentUrl":"https:\/\/i0.wp.com\/le-campus.org\/blog\/wp-content\/uploads\/2016\/09\/cropped-Logo_Long-2.png?fit=285%2C90&ssl=1","width":285,"height":90,"caption":"Le Campus Espace Jeunes"},"image":{"@id":"https:\/\/le-campus.org\/blog\/#\/schema\/logo\/image\/"},"sameAs":["https:\/\/www.facebook.com\/pages\/Le-Campus-Espace-Jeunes\/357197730957345"]}]}},"jetpack_sharing_enabled":true,"jetpack_shortlink":"https:\/\/wp.me\/P7SwBl-33z","jetpack-related-posts":[],"amp_enabled":true,"_links":{"self":[{"href":"https:\/\/le-campus.org\/blog\/wp-json\/wp\/v2\/pages\/11753"}],"collection":[{"href":"https:\/\/le-campus.org\/blog\/wp-json\/wp\/v2\/pages"}],"about":[{"href":"https:\/\/le-campus.org\/blog\/wp-json\/wp\/v2\/types\/page"}],"author":[{"embeddable":true,"href":"https:\/\/le-campus.org\/blog\/wp-json\/wp\/v2\/users\/1"}],"replies":[{"embeddable":true,"href":"https:\/\/le-campus.org\/blog\/wp-json\/wp\/v2\/comments?post=11753"}],"version-history":[{"count":7,"href":"https:\/\/le-campus.org\/blog\/wp-json\/wp\/v2\/pages\/11753\/revisions"}],"predecessor-version":[{"id":12862,"href":"https:\/\/le-campus.org\/blog\/wp-json\/wp\/v2\/pages\/11753\/revisions\/12862"}],"wp:attachment":[{"href":"https:\/\/le-campus.org\/blog\/wp-json\/wp\/v2\/media?parent=11753"}],"curies":[{"name":"wp","href":"https:\/\/api.w.org\/{rel}","templated":true}]}}