{"id":11688,"date":"2022-02-14T14:49:56","date_gmt":"2022-02-14T12:49:56","guid":{"rendered":"http:\/\/le-campus.org\/blog\/?page_id=11688"},"modified":"2023-01-10T15:20:11","modified_gmt":"2023-01-10T13:20:11","slug":"auto-financement","status":"publish","type":"page","link":"https:\/\/le-campus.org\/blog\/auto-financement\/","title":{"rendered":"Auto-Financement"},"content":{"rendered":"\t\t<div data-elementor-type=\"wp-page\" data-elementor-id=\"11688\" class=\"elementor elementor-11688\">\n\t\t\t\t\t\t\t\t\t<section class=\"elementor-section elementor-top-section elementor-element elementor-element-80573fc elementor-section-boxed elementor-section-height-default elementor-section-height-default\" data-id=\"80573fc\" data-element_type=\"section\">\n\t\t\t\t\t\t<div class=\"elementor-container elementor-column-gap-default\">\n\t\t\t\t\t<div class=\"elementor-column elementor-col-100 elementor-top-column elementor-element elementor-element-9ddb4c7\" data-id=\"9ddb4c7\" data-element_type=\"column\">\n\t\t\t<div class=\"elementor-widget-wrap elementor-element-populated\">\n\t\t\t\t\t\t\t\t<div class=\"elementor-element elementor-element-ffd933c elementor-widget elementor-widget-text-editor\" data-id=\"ffd933c\" data-element_type=\"widget\" data-widget_type=\"text-editor.default\">\n\t\t\t\t<div class=\"elementor-widget-container\">\n\t\t\t\t\t\t\t<h2><strong>Actions d\u2019auto-financement<br \/><\/strong><\/h2><p>Afin de pouvoir financer une partie des leurs activit\u00e9s ou s\u00e9jours, les jeunes peuvent participer \u00e0 diverses journ\u00e9es organiser par le Campus.<\/p><ul><li><strong>Op\u00e9ration Paquets-Cadeaux :<\/strong> Sur le mois de D\u00e9cembre les jeunes sont pr\u00e9sents au Super U de Lu\u00e7on pour confectionner vos paquets de No\u00ebl.<strong>\u00a0<\/strong><\/li><\/ul>\t\t\t\t\t\t<\/div>\n\t\t\t\t<\/div>\n\t\t\t\t<div class=\"elementor-element elementor-element-b4ca7e0 elementor-widget elementor-widget-image\" data-id=\"b4ca7e0\" data-element_type=\"widget\" data-widget_type=\"image.default\">\n\t\t\t\t<div class=\"elementor-widget-container\">\n\t\t\t\t\t\t\t\t\t\t\t\t\t\t\t<img loading=\"lazy\" decoding=\"async\" width=\"800\" height=\"600\" src=\"https:\/\/i0.wp.com\/le-campus.org\/blog\/wp-content\/uploads\/2023\/01\/IMG_20221210_095029_1-scaled.jpg?fit=800%2C600&amp;ssl=1\" class=\"attachment-large size-large wp-image-12832\" alt=\"\" srcset=\"https:\/\/i0.wp.com\/le-campus.org\/blog\/wp-content\/uploads\/2023\/01\/IMG_20221210_095029_1-scaled.jpg?w=2560&amp;ssl=1 2560w, https:\/\/i0.wp.com\/le-campus.org\/blog\/wp-content\/uploads\/2023\/01\/IMG_20221210_095029_1-scaled.jpg?resize=300%2C225&amp;ssl=1 300w, https:\/\/i0.wp.com\/le-campus.org\/blog\/wp-content\/uploads\/2023\/01\/IMG_20221210_095029_1-scaled.jpg?resize=1024%2C768&amp;ssl=1 1024w, https:\/\/i0.wp.com\/le-campus.org\/blog\/wp-content\/uploads\/2023\/01\/IMG_20221210_095029_1-scaled.jpg?resize=768%2C576&amp;ssl=1 768w, https:\/\/i0.wp.com\/le-campus.org\/blog\/wp-content\/uploads\/2023\/01\/IMG_20221210_095029_1-scaled.jpg?resize=1536%2C1152&amp;ssl=1 1536w, https:\/\/i0.wp.com\/le-campus.org\/blog\/wp-content\/uploads\/2023\/01\/IMG_20221210_095029_1-scaled.jpg?resize=2048%2C1536&amp;ssl=1 2048w, https:\/\/i0.wp.com\/le-campus.org\/blog\/wp-content\/uploads\/2023\/01\/IMG_20221210_095029_1-scaled.jpg?resize=1320%2C990&amp;ssl=1 1320w, https:\/\/i0.wp.com\/le-campus.org\/blog\/wp-content\/uploads\/2023\/01\/IMG_20221210_095029_1-scaled.jpg?w=1600 1600w, https:\/\/i0.wp.com\/le-campus.org\/blog\/wp-content\/uploads\/2023\/01\/IMG_20221210_095029_1-scaled.jpg?w=2400 2400w\" sizes=\"(max-width: 800px) 100vw, 800px\" \/>\t\t\t\t\t\t\t\t\t\t\t\t\t\t\t<\/div>\n\t\t\t\t<\/div>\n\t\t\t\t\t<\/div>\n\t\t<\/div>\n\t\t\t\t\t\t\t<\/div>\n\t\t<\/section>\n\t\t\t\t<section class=\"elementor-section elementor-top-section elementor-element elementor-element-11efbfa elementor-section-boxed elementor-section-height-default elementor-section-height-default\" data-id=\"11efbfa\" data-element_type=\"section\">\n\t\t\t\t\t\t<div class=\"elementor-container elementor-column-gap-default\">\n\t\t\t\t\t<div class=\"elementor-column elementor-col-100 elementor-top-column elementor-element elementor-element-692e9df\" data-id=\"692e9df\" data-element_type=\"column\">\n\t\t\t<div class=\"elementor-widget-wrap elementor-element-populated\">\n\t\t\t\t\t\t\t\t<div class=\"elementor-element elementor-element-3d84c0c elementor-widget elementor-widget-text-editor\" data-id=\"3d84c0c\" data-element_type=\"widget\" data-widget_type=\"text-editor.default\">\n\t\t\t\t<div class=\"elementor-widget-container\">\n\t\t\t\t\t\t\t<ul><li><strong>Vente de Jus de Pomme :<\/strong> Vente de bouteilles de jus de pomme pour r\u00e9colter de l\u2019argent afin de r\u00e9duire le prix de leurs s\u00e9jours et de leurs activit\u00e9s.<\/li><\/ul>\t\t\t\t\t\t<\/div>\n\t\t\t\t<\/div>\n\t\t\t\t<div class=\"elementor-element elementor-element-570aa77 elementor-widget elementor-widget-image\" data-id=\"570aa77\" data-element_type=\"widget\" data-widget_type=\"image.default\">\n\t\t\t\t<div class=\"elementor-widget-container\">\n\t\t\t\t\t\t\t\t\t\t\t\t\t\t\t<img loading=\"lazy\" decoding=\"async\" width=\"800\" height=\"600\" src=\"https:\/\/i0.wp.com\/le-campus.org\/blog\/wp-content\/uploads\/2023\/01\/IMG_20221012_140013-scaled.jpg?fit=800%2C600&amp;ssl=1\" class=\"attachment-large size-large wp-image-12833\" alt=\"\" srcset=\"https:\/\/i0.wp.com\/le-campus.org\/blog\/wp-content\/uploads\/2023\/01\/IMG_20221012_140013-scaled.jpg?w=2560&amp;ssl=1 2560w, https:\/\/i0.wp.com\/le-campus.org\/blog\/wp-content\/uploads\/2023\/01\/IMG_20221012_140013-scaled.jpg?resize=300%2C225&amp;ssl=1 300w, https:\/\/i0.wp.com\/le-campus.org\/blog\/wp-content\/uploads\/2023\/01\/IMG_20221012_140013-scaled.jpg?resize=1024%2C768&amp;ssl=1 1024w, https:\/\/i0.wp.com\/le-campus.org\/blog\/wp-content\/uploads\/2023\/01\/IMG_20221012_140013-scaled.jpg?resize=768%2C576&amp;ssl=1 768w, https:\/\/i0.wp.com\/le-campus.org\/blog\/wp-content\/uploads\/2023\/01\/IMG_20221012_140013-scaled.jpg?resize=1536%2C1152&amp;ssl=1 1536w, https:\/\/i0.wp.com\/le-campus.org\/blog\/wp-content\/uploads\/2023\/01\/IMG_20221012_140013-scaled.jpg?resize=2048%2C1536&amp;ssl=1 2048w, https:\/\/i0.wp.com\/le-campus.org\/blog\/wp-content\/uploads\/2023\/01\/IMG_20221012_140013-scaled.jpg?resize=1320%2C990&amp;ssl=1 1320w, https:\/\/i0.wp.com\/le-campus.org\/blog\/wp-content\/uploads\/2023\/01\/IMG_20221012_140013-scaled.jpg?w=1600 1600w, https:\/\/i0.wp.com\/le-campus.org\/blog\/wp-content\/uploads\/2023\/01\/IMG_20221012_140013-scaled.jpg?w=2400 2400w\" sizes=\"(max-width: 800px) 100vw, 800px\" \/>\t\t\t\t\t\t\t\t\t\t\t\t\t\t\t<\/div>\n\t\t\t\t<\/div>\n\t\t\t\t\t<\/div>\n\t\t<\/div>\n\t\t\t\t\t\t\t<\/div>\n\t\t<\/section>\n\t\t\t\t<section class=\"elementor-section elementor-top-section elementor-element elementor-element-6a75b66 elementor-section-boxed elementor-section-height-default elementor-section-height-default\" data-id=\"6a75b66\" data-element_type=\"section\">\n\t\t\t\t\t\t<div class=\"elementor-container elementor-column-gap-default\">\n\t\t\t\t\t<div class=\"elementor-column elementor-col-100 elementor-top-column elementor-element elementor-element-a3a83c4\" data-id=\"a3a83c4\" data-element_type=\"column\">\n\t\t\t<div class=\"elementor-widget-wrap\">\n\t\t\t\t\t\t\t\t\t<\/div>\n\t\t<\/div>\n\t\t\t\t\t\t\t<\/div>\n\t\t<\/section>\n\t\t\t\t\t\t\t<\/div>\n\t\t","protected":false},"excerpt":{"rendered":"<p>Actions d\u2019auto-financement Afin de pouvoir financer une partie des leurs activit\u00e9s ou s\u00e9jours, les jeunes peuvent participer \u00e0 diverses journ\u00e9es organiser par le Campus. Op\u00e9ration Paquets-Cadeaux : Sur le mois &#8230;<\/p>\n","protected":false},"author":1,"featured_media":0,"parent":0,"menu_order":0,"comment_status":"closed","ping_status":"closed","template":"","meta":{"jetpack_post_was_ever_published":false,"footnotes":""},"yoast_head":"<!-- This site is optimized with the Yoast SEO plugin v20.1 - https:\/\/yoast.com\/wordpress\/plugins\/seo\/ -->\n<title>Auto-Financement - Le Campus Espace Jeunes<\/title>\n<meta name=\"robots\" content=\"index, follow, max-snippet:-1, max-image-preview:large, max-video-preview:-1\" \/>\n<link rel=\"canonical\" href=\"https:\/\/le-campus.org\/blog\/auto-financement\/\" \/>\n<meta property=\"og:locale\" content=\"fr_FR\" \/>\n<meta property=\"og:type\" content=\"article\" \/>\n<meta property=\"og:title\" content=\"Auto-Financement - Le Campus Espace Jeunes\" \/>\n<meta property=\"og:description\" content=\"Actions d\u2019auto-financement Afin de pouvoir financer une partie des leurs activit\u00e9s ou s\u00e9jours, les jeunes peuvent participer \u00e0 diverses journ\u00e9es organiser par le Campus. Op\u00e9ration Paquets-Cadeaux : Sur le mois ...\" \/>\n<meta property=\"og:url\" content=\"https:\/\/le-campus.org\/blog\/auto-financement\/\" \/>\n<meta property=\"og:site_name\" content=\"Le Campus Espace Jeunes\" \/>\n<meta property=\"article:publisher\" content=\"https:\/\/www.facebook.com\/pages\/Le-Campus-Espace-Jeunes\/357197730957345\" \/>\n<meta property=\"article:modified_time\" content=\"2023-01-10T13:20:11+00:00\" \/>\n<meta property=\"og:image\" content=\"http:\/\/le-campus.org\/blog\/wp-content\/uploads\/2023\/01\/IMG_20221210_095029_1-1024x768.jpg\" \/>\n<meta name=\"twitter:label1\" content=\"Dur\u00e9e de lecture estim\u00e9e\" \/>\n\t<meta name=\"twitter:data1\" content=\"1 minute\" \/>\n<script type=\"application\/ld+json\" class=\"yoast-schema-graph\">{\"@context\":\"https:\/\/schema.org\",\"@graph\":[{\"@type\":\"WebPage\",\"@id\":\"https:\/\/le-campus.org\/blog\/auto-financement\/\",\"url\":\"https:\/\/le-campus.org\/blog\/auto-financement\/\",\"name\":\"Auto-Financement - Le Campus Espace Jeunes\",\"isPartOf\":{\"@id\":\"http:\/\/le-campus.org\/blog\/#website\"},\"datePublished\":\"2022-02-14T12:49:56+00:00\",\"dateModified\":\"2023-01-10T13:20:11+00:00\",\"inLanguage\":\"fr-FR\",\"potentialAction\":[{\"@type\":\"ReadAction\",\"target\":[\"https:\/\/le-campus.org\/blog\/auto-financement\/\"]}]},{\"@type\":\"WebSite\",\"@id\":\"http:\/\/le-campus.org\/blog\/#website\",\"url\":\"http:\/\/le-campus.org\/blog\/\",\"name\":\"Le Campus Espace Jeunes\",\"description\":\"\",\"publisher\":{\"@id\":\"http:\/\/le-campus.org\/blog\/#organization\"},\"potentialAction\":[{\"@type\":\"SearchAction\",\"target\":{\"@type\":\"EntryPoint\",\"urlTemplate\":\"http:\/\/le-campus.org\/blog\/?s={search_term_string}\"},\"query-input\":\"required name=search_term_string\"}],\"inLanguage\":\"fr-FR\"},{\"@type\":\"Organization\",\"@id\":\"http:\/\/le-campus.org\/blog\/#organization\",\"name\":\"Le Campus Espace Jeunes\",\"url\":\"http:\/\/le-campus.org\/blog\/\",\"logo\":{\"@type\":\"ImageObject\",\"inLanguage\":\"fr-FR\",\"@id\":\"http:\/\/le-campus.org\/blog\/#\/schema\/logo\/image\/\",\"url\":\"https:\/\/i0.wp.com\/le-campus.org\/blog\/wp-content\/uploads\/2016\/09\/cropped-Logo_Long-2.png?fit=285%2C90&ssl=1\",\"contentUrl\":\"https:\/\/i0.wp.com\/le-campus.org\/blog\/wp-content\/uploads\/2016\/09\/cropped-Logo_Long-2.png?fit=285%2C90&ssl=1\",\"width\":285,\"height\":90,\"caption\":\"Le Campus Espace Jeunes\"},\"image\":{\"@id\":\"http:\/\/le-campus.org\/blog\/#\/schema\/logo\/image\/\"},\"sameAs\":[\"https:\/\/www.facebook.com\/pages\/Le-Campus-Espace-Jeunes\/357197730957345\"]}]}<\/script>\n<!-- \/ Yoast SEO plugin. -->","yoast_head_json":{"title":"Auto-Financement - Le Campus Espace Jeunes","robots":{"index":"index","follow":"follow","max-snippet":"max-snippet:-1","max-image-preview":"max-image-preview:large","max-video-preview":"max-video-preview:-1"},"canonical":"https:\/\/le-campus.org\/blog\/auto-financement\/","og_locale":"fr_FR","og_type":"article","og_title":"Auto-Financement - Le Campus Espace Jeunes","og_description":"Actions d\u2019auto-financement Afin de pouvoir financer une partie des leurs activit\u00e9s ou s\u00e9jours, les jeunes peuvent participer \u00e0 diverses journ\u00e9es organiser par le Campus. Op\u00e9ration Paquets-Cadeaux : Sur le mois ...","og_url":"https:\/\/le-campus.org\/blog\/auto-financement\/","og_site_name":"Le Campus Espace Jeunes","article_publisher":"https:\/\/www.facebook.com\/pages\/Le-Campus-Espace-Jeunes\/357197730957345","article_modified_time":"2023-01-10T13:20:11+00:00","og_image":[{"url":"http:\/\/le-campus.org\/blog\/wp-content\/uploads\/2023\/01\/IMG_20221210_095029_1-1024x768.jpg"}],"twitter_misc":{"Dur\u00e9e de lecture estim\u00e9e":"1 minute"},"schema":{"@context":"https:\/\/schema.org","@graph":[{"@type":"WebPage","@id":"https:\/\/le-campus.org\/blog\/auto-financement\/","url":"https:\/\/le-campus.org\/blog\/auto-financement\/","name":"Auto-Financement - Le Campus Espace Jeunes","isPartOf":{"@id":"http:\/\/le-campus.org\/blog\/#website"},"datePublished":"2022-02-14T12:49:56+00:00","dateModified":"2023-01-10T13:20:11+00:00","inLanguage":"fr-FR","potentialAction":[{"@type":"ReadAction","target":["https:\/\/le-campus.org\/blog\/auto-financement\/"]}]},{"@type":"WebSite","@id":"http:\/\/le-campus.org\/blog\/#website","url":"http:\/\/le-campus.org\/blog\/","name":"Le Campus Espace Jeunes","description":"","publisher":{"@id":"http:\/\/le-campus.org\/blog\/#organization"},"potentialAction":[{"@type":"SearchAction","target":{"@type":"EntryPoint","urlTemplate":"http:\/\/le-campus.org\/blog\/?s={search_term_string}"},"query-input":"required name=search_term_string"}],"inLanguage":"fr-FR"},{"@type":"Organization","@id":"http:\/\/le-campus.org\/blog\/#organization","name":"Le Campus Espace Jeunes","url":"http:\/\/le-campus.org\/blog\/","logo":{"@type":"ImageObject","inLanguage":"fr-FR","@id":"http:\/\/le-campus.org\/blog\/#\/schema\/logo\/image\/","url":"https:\/\/i0.wp.com\/le-campus.org\/blog\/wp-content\/uploads\/2016\/09\/cropped-Logo_Long-2.png?fit=285%2C90&ssl=1","contentUrl":"https:\/\/i0.wp.com\/le-campus.org\/blog\/wp-content\/uploads\/2016\/09\/cropped-Logo_Long-2.png?fit=285%2C90&ssl=1","width":285,"height":90,"caption":"Le Campus Espace Jeunes"},"image":{"@id":"http:\/\/le-campus.org\/blog\/#\/schema\/logo\/image\/"},"sameAs":["https:\/\/www.facebook.com\/pages\/Le-Campus-Espace-Jeunes\/357197730957345"]}]}},"jetpack_sharing_enabled":true,"jetpack_shortlink":"https:\/\/wp.me\/P7SwBl-32w","jetpack-related-posts":[],"amp_enabled":true,"_links":{"self":[{"href":"https:\/\/le-campus.org\/blog\/wp-json\/wp\/v2\/pages\/11688"}],"collection":[{"href":"https:\/\/le-campus.org\/blog\/wp-json\/wp\/v2\/pages"}],"about":[{"href":"https:\/\/le-campus.org\/blog\/wp-json\/wp\/v2\/types\/page"}],"author":[{"embeddable":true,"href":"https:\/\/le-campus.org\/blog\/wp-json\/wp\/v2\/users\/1"}],"replies":[{"embeddable":true,"href":"https:\/\/le-campus.org\/blog\/wp-json\/wp\/v2\/comments?post=11688"}],"version-history":[{"count":4,"href":"https:\/\/le-campus.org\/blog\/wp-json\/wp\/v2\/pages\/11688\/revisions"}],"predecessor-version":[{"id":12837,"href":"https:\/\/le-campus.org\/blog\/wp-json\/wp\/v2\/pages\/11688\/revisions\/12837"}],"wp:attachment":[{"href":"https:\/\/le-campus.org\/blog\/wp-json\/wp\/v2\/media?parent=11688"}],"curies":[{"name":"wp","href":"https:\/\/api.w.org\/{rel}","templated":true}]}}