{"id":11615,"date":"2022-02-14T12:34:40","date_gmt":"2022-02-14T10:34:40","guid":{"rendered":"http:\/\/le-campus.org\/blog\/?page_id=11615"},"modified":"2024-09-02T11:38:22","modified_gmt":"2024-09-02T09:38:22","slug":"itinerance","status":"publish","type":"page","link":"https:\/\/le-campus.org\/blog\/itinerance\/","title":{"rendered":"Itin\u00e9rance"},"content":{"rendered":"\t\t<div data-elementor-type=\"wp-page\" data-elementor-id=\"11615\" class=\"elementor elementor-11615\">\n\t\t\t\t\t\t\t\t\t<section class=\"elementor-section elementor-top-section elementor-element elementor-element-443e339 elementor-section-boxed elementor-section-height-default elementor-section-height-default\" data-id=\"443e339\" data-element_type=\"section\">\n\t\t\t\t\t\t<div class=\"elementor-container elementor-column-gap-default\">\n\t\t\t\t\t<div class=\"elementor-column elementor-col-100 elementor-top-column elementor-element elementor-element-b444b3b\" data-id=\"b444b3b\" data-element_type=\"column\">\n\t\t\t<div class=\"elementor-widget-wrap elementor-element-populated\">\n\t\t\t\t\t\t\t\t<div class=\"elementor-element elementor-element-2865a64 elementor-widget__width-initial elementor-widget elementor-widget-text-editor\" data-id=\"2865a64\" data-element_type=\"widget\" data-widget_type=\"text-editor.default\">\n\t\t\t\t<div class=\"elementor-widget-container\">\n\t\t\t\t\t\t\t<div>\n<div style=\"text-align: left;\">&nbsp;<span style=\"font-size: 10pt;\">Depuis 2021, notre structure le Campus Espace Jeunes propose aux communes du Sud Vend\u00e9e Littoral des activit\u00e9s itin\u00e9rantes \u00e0 destination des jeunes \u00e2g\u00e9s de 11 \u00e0 17 ans. Nous proposons quatre possibilit\u00e9s d\u2019activit\u00e9s ( culinaire, sportive, num\u00e9rique ou manuelle ), sur un mercredi ou un samedi apr\u00e8s-midi pour 12 jeunes, encadr\u00e9e par un animateur de notre structure de 14h00 \u00e0 17h00.<\/span><span style=\"font-size: 10pt;\"><strong><br><\/strong><\/span><\/div>\n<div style=\"text-align: left;\"><span style=\"font-size: 10pt;\"><strong><br><\/strong><\/span><\/div>\n<div>\n<p><span style=\"font-size: 10pt;\"><strong>LES OBJECTIFS PRINCIPAUX :<\/strong><\/span><br><\/p>\n<div>\n<p><\/p><main role=\"main\"><p><\/p>\n<article>\n<div>\n<ul style=\"text-align: left;\">\n<li><span style=\"font-size: 10pt;\">S\u2019inscrire dans une compl\u00e9mentarit\u00e9 des temps de loisirs en \u00e9tablissant une relation avec les acteurs du territoire.<\/span>\n<ul>\n<li><span style=\"font-size: 10pt;\">Des animations se d\u00e9roulent tout au long de l\u2019ann\u00e9e (les mercredis et samedis apr\u00e8s-midi hors vacances scolaires) en proposant aux communes des activit\u00e9s itin\u00e9rantes sur le territoire. L\u2019int\u00e9r\u00eat est de faire d\u00e9couvrir et d\u2019initier \u00e0 de nouvelles pratiques sportives, cr\u00e9atives et num\u00e9riques.<\/span><\/li>\n<\/ul>\n<\/li>\n<\/ul>\n<ul style=\"text-align: left;\">\n<li><span style=\"font-size: 10pt;\">Favoriser la mobilit\u00e9 sur le territoire du Sud Vend\u00e9e Littoral.<\/span><\/li>\n<\/ul>\n<ul style=\"text-align: left;\">\n<li><span style=\"font-size: 10pt;\">S\u2019inscrire dans une d\u00e9marche d\u2019aller vers.<\/span><\/li>\n<\/ul>\n<ul style=\"text-align: left;\">\n<li><span style=\"font-size: 10pt;\">Impliquer la jeunesse dans la vie locale.<\/span>\n<ul>\n<li><span style=\"font-size: 10pt;\">De porter une oreille attentive sur leurs envies et leurs attentes, pour faciliter l\u2019acc\u00e8s \u00e0 la culture et aux loisirs, dans les communes ne disposant pas de structure jeunesse ou d\u2019apporter une compl\u00e9mentarit\u00e9 sur les structures d\u00e9j\u00e0 existantes.<\/span><\/li>\n<\/ul>\n<\/li>\n<\/ul>\n<p style=\"text-align: left;\"><span style=\"font-size: 10pt;\"><strong>TOURN\u00c9E TH\u00c9\u00c2TRALE <\/strong><\/span><\/p>\n<p style=\"text-align: left;\"><span style=\"font-size: 10pt;\">Nous proposons tous les ans au mois de Mai, <\/span><span style=\"font-size: 10pt;\">une tourn\u00e9e th\u00e9\u00e2trale pour pr\u00e9senter la pi\u00e8ce de l\u2019atelier th\u00e9\u00e2tre du Campus<\/span><span style=\"font-size: 10pt;\">, sur diff\u00e9rentes communes du Sud Vend\u00e9e Littoral. Nous souhaitons faire conna\u00eetre notre atelier afin de faciliter l\u2019\u00e9change sur notre territoire et aller \u00e0 la rencontre des habitants. L\u2019entr\u00e9e est libre et gratuite (plus d&rsquo;informations sur les dates de 2025 \u00e0 venir prochainement)<br><\/span><\/p><br><\/div>\n<\/article>\n<p><\/p><\/main><\/div>\n<\/div>\n<\/div>\t\t\t\t\t\t<\/div>\n\t\t\t\t<\/div>\n\t\t\t\t\t<\/div>\n\t\t<\/div>\n\t\t\t\t\t\t\t<\/div>\n\t\t<\/section>\n\t\t\t\t\t\t\t<\/div>\n\t\t","protected":false},"excerpt":{"rendered":"<p>&nbsp;Depuis 2021, notre structure le Campus Espace Jeunes propose aux communes du Sud Vend\u00e9e Littoral des activit\u00e9s itin\u00e9rantes \u00e0 destination des jeunes \u00e2g\u00e9s de 11 \u00e0 17 ans. Nous proposons &#8230;<\/p>\n","protected":false},"author":1,"featured_media":0,"parent":0,"menu_order":0,"comment_status":"closed","ping_status":"closed","template":"","meta":{"jetpack_post_was_ever_published":false,"footnotes":""},"yoast_head":"<!-- This site is optimized with the Yoast SEO plugin v20.1 - https:\/\/yoast.com\/wordpress\/plugins\/seo\/ -->\n<title>Itin\u00e9rance - Le Campus Espace Jeunes<\/title>\n<meta name=\"robots\" content=\"index, follow, max-snippet:-1, max-image-preview:large, max-video-preview:-1\" \/>\n<link rel=\"canonical\" href=\"http:\/\/le-campus.org\/blog\/itinerance\/\" \/>\n<meta property=\"og:locale\" content=\"fr_FR\" \/>\n<meta property=\"og:type\" content=\"article\" \/>\n<meta property=\"og:title\" content=\"Itin\u00e9rance - Le Campus Espace Jeunes\" \/>\n<meta property=\"og:description\" content=\"&nbsp;Depuis 2021, notre structure le Campus Espace Jeunes propose aux communes du Sud Vend\u00e9e Littoral des activit\u00e9s itin\u00e9rantes \u00e0 destination des jeunes \u00e2g\u00e9s de 11 \u00e0 17 ans. Nous proposons ...\" \/>\n<meta property=\"og:url\" content=\"http:\/\/le-campus.org\/blog\/itinerance\/\" \/>\n<meta property=\"og:site_name\" content=\"Le Campus Espace Jeunes\" \/>\n<meta property=\"article:publisher\" content=\"https:\/\/www.facebook.com\/pages\/Le-Campus-Espace-Jeunes\/357197730957345\" \/>\n<meta property=\"article:modified_time\" content=\"2024-09-02T09:38:22+00:00\" \/>\n<script type=\"application\/ld+json\" class=\"yoast-schema-graph\">{\"@context\":\"https:\/\/schema.org\",\"@graph\":[{\"@type\":\"WebPage\",\"@id\":\"http:\/\/le-campus.org\/blog\/itinerance\/\",\"url\":\"http:\/\/le-campus.org\/blog\/itinerance\/\",\"name\":\"Itin\u00e9rance - Le Campus Espace Jeunes\",\"isPartOf\":{\"@id\":\"http:\/\/le-campus.org\/blog\/#website\"},\"datePublished\":\"2022-02-14T10:34:40+00:00\",\"dateModified\":\"2024-09-02T09:38:22+00:00\",\"inLanguage\":\"fr-FR\",\"potentialAction\":[{\"@type\":\"ReadAction\",\"target\":[\"http:\/\/le-campus.org\/blog\/itinerance\/\"]}]},{\"@type\":\"WebSite\",\"@id\":\"http:\/\/le-campus.org\/blog\/#website\",\"url\":\"http:\/\/le-campus.org\/blog\/\",\"name\":\"Le Campus Espace Jeunes\",\"description\":\"\",\"publisher\":{\"@id\":\"http:\/\/le-campus.org\/blog\/#organization\"},\"potentialAction\":[{\"@type\":\"SearchAction\",\"target\":{\"@type\":\"EntryPoint\",\"urlTemplate\":\"http:\/\/le-campus.org\/blog\/?s={search_term_string}\"},\"query-input\":\"required name=search_term_string\"}],\"inLanguage\":\"fr-FR\"},{\"@type\":\"Organization\",\"@id\":\"http:\/\/le-campus.org\/blog\/#organization\",\"name\":\"Le Campus Espace Jeunes\",\"url\":\"http:\/\/le-campus.org\/blog\/\",\"logo\":{\"@type\":\"ImageObject\",\"inLanguage\":\"fr-FR\",\"@id\":\"http:\/\/le-campus.org\/blog\/#\/schema\/logo\/image\/\",\"url\":\"https:\/\/i0.wp.com\/le-campus.org\/blog\/wp-content\/uploads\/2016\/09\/cropped-Logo_Long-2.png?fit=285%2C90&ssl=1\",\"contentUrl\":\"https:\/\/i0.wp.com\/le-campus.org\/blog\/wp-content\/uploads\/2016\/09\/cropped-Logo_Long-2.png?fit=285%2C90&ssl=1\",\"width\":285,\"height\":90,\"caption\":\"Le Campus Espace Jeunes\"},\"image\":{\"@id\":\"http:\/\/le-campus.org\/blog\/#\/schema\/logo\/image\/\"},\"sameAs\":[\"https:\/\/www.facebook.com\/pages\/Le-Campus-Espace-Jeunes\/357197730957345\"]}]}<\/script>\n<!-- \/ Yoast SEO plugin. -->","yoast_head_json":{"title":"Itin\u00e9rance - Le Campus Espace Jeunes","robots":{"index":"index","follow":"follow","max-snippet":"max-snippet:-1","max-image-preview":"max-image-preview:large","max-video-preview":"max-video-preview:-1"},"canonical":"http:\/\/le-campus.org\/blog\/itinerance\/","og_locale":"fr_FR","og_type":"article","og_title":"Itin\u00e9rance - Le Campus Espace Jeunes","og_description":"&nbsp;Depuis 2021, notre structure le Campus Espace Jeunes propose aux communes du Sud Vend\u00e9e Littoral des activit\u00e9s itin\u00e9rantes \u00e0 destination des jeunes \u00e2g\u00e9s de 11 \u00e0 17 ans. Nous proposons ...","og_url":"http:\/\/le-campus.org\/blog\/itinerance\/","og_site_name":"Le Campus Espace Jeunes","article_publisher":"https:\/\/www.facebook.com\/pages\/Le-Campus-Espace-Jeunes\/357197730957345","article_modified_time":"2024-09-02T09:38:22+00:00","schema":{"@context":"https:\/\/schema.org","@graph":[{"@type":"WebPage","@id":"http:\/\/le-campus.org\/blog\/itinerance\/","url":"http:\/\/le-campus.org\/blog\/itinerance\/","name":"Itin\u00e9rance - Le Campus Espace Jeunes","isPartOf":{"@id":"http:\/\/le-campus.org\/blog\/#website"},"datePublished":"2022-02-14T10:34:40+00:00","dateModified":"2024-09-02T09:38:22+00:00","inLanguage":"fr-FR","potentialAction":[{"@type":"ReadAction","target":["http:\/\/le-campus.org\/blog\/itinerance\/"]}]},{"@type":"WebSite","@id":"http:\/\/le-campus.org\/blog\/#website","url":"http:\/\/le-campus.org\/blog\/","name":"Le Campus Espace Jeunes","description":"","publisher":{"@id":"http:\/\/le-campus.org\/blog\/#organization"},"potentialAction":[{"@type":"SearchAction","target":{"@type":"EntryPoint","urlTemplate":"http:\/\/le-campus.org\/blog\/?s={search_term_string}"},"query-input":"required name=search_term_string"}],"inLanguage":"fr-FR"},{"@type":"Organization","@id":"http:\/\/le-campus.org\/blog\/#organization","name":"Le Campus Espace Jeunes","url":"http:\/\/le-campus.org\/blog\/","logo":{"@type":"ImageObject","inLanguage":"fr-FR","@id":"http:\/\/le-campus.org\/blog\/#\/schema\/logo\/image\/","url":"https:\/\/i0.wp.com\/le-campus.org\/blog\/wp-content\/uploads\/2016\/09\/cropped-Logo_Long-2.png?fit=285%2C90&ssl=1","contentUrl":"https:\/\/i0.wp.com\/le-campus.org\/blog\/wp-content\/uploads\/2016\/09\/cropped-Logo_Long-2.png?fit=285%2C90&ssl=1","width":285,"height":90,"caption":"Le Campus Espace Jeunes"},"image":{"@id":"http:\/\/le-campus.org\/blog\/#\/schema\/logo\/image\/"},"sameAs":["https:\/\/www.facebook.com\/pages\/Le-Campus-Espace-Jeunes\/357197730957345"]}]}},"jetpack_sharing_enabled":true,"jetpack_shortlink":"https:\/\/wp.me\/P7SwBl-31l","jetpack-related-posts":[],"amp_enabled":true,"_links":{"self":[{"href":"https:\/\/le-campus.org\/blog\/wp-json\/wp\/v2\/pages\/11615"}],"collection":[{"href":"https:\/\/le-campus.org\/blog\/wp-json\/wp\/v2\/pages"}],"about":[{"href":"https:\/\/le-campus.org\/blog\/wp-json\/wp\/v2\/types\/page"}],"author":[{"embeddable":true,"href":"https:\/\/le-campus.org\/blog\/wp-json\/wp\/v2\/users\/1"}],"replies":[{"embeddable":true,"href":"https:\/\/le-campus.org\/blog\/wp-json\/wp\/v2\/comments?post=11615"}],"version-history":[{"count":3,"href":"https:\/\/le-campus.org\/blog\/wp-json\/wp\/v2\/pages\/11615\/revisions"}],"predecessor-version":[{"id":14320,"href":"https:\/\/le-campus.org\/blog\/wp-json\/wp\/v2\/pages\/11615\/revisions\/14320"}],"wp:attachment":[{"href":"https:\/\/le-campus.org\/blog\/wp-json\/wp\/v2\/media?parent=11615"}],"curies":[{"name":"wp","href":"https:\/\/api.w.org\/{rel}","templated":true}]}}