{"id":11540,"date":"2022-02-14T10:56:39","date_gmt":"2022-02-14T08:56:39","guid":{"rendered":"http:\/\/le-campus.org\/blog\/?page_id=11540"},"modified":"2022-09-03T16:28:30","modified_gmt":"2022-09-03T14:28:30","slug":"infos-jeunes","status":"publish","type":"page","link":"https:\/\/le-campus.org\/blog\/infos-jeunes\/","title":{"rendered":"Infos Jeunes"},"content":{"rendered":"\t\t<div data-elementor-type=\"wp-page\" data-elementor-id=\"11540\" class=\"elementor elementor-11540\">\n\t\t\t\t\t\t\t\t\t<section class=\"elementor-section elementor-top-section elementor-element elementor-element-0ae5089 elementor-section-boxed elementor-section-height-default elementor-section-height-default\" data-id=\"0ae5089\" data-element_type=\"section\">\n\t\t\t\t\t\t<div class=\"elementor-container elementor-column-gap-default\">\n\t\t\t\t\t<div class=\"elementor-column elementor-col-100 elementor-top-column elementor-element elementor-element-d35cdaa\" data-id=\"d35cdaa\" data-element_type=\"column\">\n\t\t\t<div class=\"elementor-widget-wrap elementor-element-populated\">\n\t\t\t\t\t\t\t\t<div class=\"elementor-element elementor-element-75b782a elementor-widget elementor-widget-text-editor\" data-id=\"75b782a\" data-element_type=\"widget\" data-widget_type=\"text-editor.default\">\n\t\t\t\t<div class=\"elementor-widget-container\">\n\t\t\t\t\t\t\t<p>Le Campus Espace Jeunes est labellis\u00e9 Info Jeunes, il s&rsquo;agit d&rsquo;un lieu de ressources, d&rsquo;\u00e9coute et de propositions ouvert aux 11-30 ans, de mani\u00e8re anonyme et gratuite.<\/p><p>Florian, informateur jeunesse, est l\u00e0 pour aider les jeunes qui le souhaitent \u00e0 r\u00e9pondre \u00e0 leurs diff\u00e9rentes questions du quotidien dans divers domaines : emploi, logement, sant\u00e9, loisirs, formation, d\u00e9part \u00e0 l&rsquo;\u00e9tranger&#8230;<\/p>\t\t\t\t\t\t<\/div>\n\t\t\t\t<\/div>\n\t\t\t\t<div class=\"elementor-element elementor-element-0358e93 elementor-widget elementor-widget-text-editor\" data-id=\"0358e93\" data-element_type=\"widget\" data-widget_type=\"text-editor.default\">\n\t\t\t\t<div class=\"elementor-widget-container\">\n\t\t\t\t\t\t\t<div class=\"entry-content\"><div class=\"elementor elementor-11475\" data-elementor-type=\"wp-page\" data-elementor-id=\"11475\" data-elementor-settings=\"[]\"><div class=\"elementor-section-wrap\"><section class=\"elementor-section elementor-top-section elementor-element elementor-element-d8737cd elementor-section-boxed elementor-section-height-default elementor-section-height-default\" data-id=\"d8737cd\" data-element_type=\"section\"><div class=\"elementor-container elementor-column-gap-default\"><div class=\"elementor-column elementor-col-100 elementor-top-column elementor-element elementor-element-0434bd8\" data-id=\"0434bd8\" data-element_type=\"column\"><div class=\"elementor-widget-wrap elementor-element-populated\"><div class=\"elementor-element elementor-element-b5fa26b elementor-widget elementor-widget-text-editor\" data-id=\"b5fa26b\" data-element_type=\"widget\" data-widget_type=\"text-editor.default\"><div class=\"elementor-widget-container\"><p><strong>Merci de cliquer <a href=\"https:\/\/wp.me\/a7SwBl-35S\">ici <\/a>pour avoir acc\u00e8s aux diverses informations concernant les Infos Jeunes ! <br \/><\/strong><\/p><\/div><\/div><\/div><\/div><\/div><\/section><\/div><\/div><\/div>\t\t\t\t\t\t<\/div>\n\t\t\t\t<\/div>\n\t\t\t\t\t<\/div>\n\t\t<\/div>\n\t\t\t\t\t\t\t<\/div>\n\t\t<\/section>\n\t\t\t\t<section class=\"elementor-section elementor-top-section elementor-element elementor-element-d403388 elementor-section-boxed elementor-section-height-default elementor-section-height-default\" data-id=\"d403388\" data-element_type=\"section\">\n\t\t\t\t\t\t<div class=\"elementor-container elementor-column-gap-default\">\n\t\t\t\t\t<div class=\"elementor-column elementor-col-100 elementor-top-column elementor-element elementor-element-aa5a740\" data-id=\"aa5a740\" data-element_type=\"column\">\n\t\t\t<div class=\"elementor-widget-wrap elementor-element-populated\">\n\t\t\t\t\t\t\t\t<div class=\"elementor-element elementor-element-7d97c11 elementor-widget elementor-widget-image\" data-id=\"7d97c11\" data-element_type=\"widget\" data-widget_type=\"image.default\">\n\t\t\t\t<div class=\"elementor-widget-container\">\n\t\t\t\t\t\t\t\t\t\t\t\t\t\t\t<img loading=\"lazy\" decoding=\"async\" width=\"275\" height=\"206\" src=\"https:\/\/i0.wp.com\/le-campus.org\/blog\/wp-content\/uploads\/2022\/09\/303871396_608151440901261_8827290866588064041_n-2.jpg?fit=275%2C206&amp;ssl=1\" class=\"attachment-large size-large wp-image-12546\" alt=\"\" \/>\t\t\t\t\t\t\t\t\t\t\t\t\t\t\t<\/div>\n\t\t\t\t<\/div>\n\t\t\t\t\t<\/div>\n\t\t<\/div>\n\t\t\t\t\t\t\t<\/div>\n\t\t<\/section>\n\t\t\t\t\t\t\t<\/div>\n\t\t","protected":false},"excerpt":{"rendered":"<p>Le Campus Espace Jeunes est labellis\u00e9 Info Jeunes, il s&rsquo;agit d&rsquo;un lieu de ressources, d&rsquo;\u00e9coute et de propositions ouvert aux 11-30 ans, de mani\u00e8re anonyme et gratuite. Florian, informateur jeunesse, &#8230;<\/p>\n","protected":false},"author":1,"featured_media":0,"parent":0,"menu_order":0,"comment_status":"closed","ping_status":"closed","template":"","meta":{"jetpack_post_was_ever_published":false,"footnotes":""},"yoast_head":"<!-- This site is optimized with the Yoast SEO plugin v20.1 - https:\/\/yoast.com\/wordpress\/plugins\/seo\/ -->\n<title>Infos Jeunes - Le Campus Espace Jeunes<\/title>\n<meta name=\"robots\" content=\"index, follow, max-snippet:-1, max-image-preview:large, max-video-preview:-1\" \/>\n<link rel=\"canonical\" href=\"http:\/\/le-campus.org\/blog\/infos-jeunes\/\" \/>\n<meta property=\"og:locale\" content=\"fr_FR\" \/>\n<meta property=\"og:type\" content=\"article\" \/>\n<meta property=\"og:title\" content=\"Infos Jeunes - Le Campus Espace Jeunes\" \/>\n<meta property=\"og:description\" content=\"Le Campus Espace Jeunes est labellis\u00e9 Info Jeunes, il s&rsquo;agit d&rsquo;un lieu de ressources, d&rsquo;\u00e9coute et de propositions ouvert aux 11-30 ans, de mani\u00e8re anonyme et gratuite. Florian, informateur jeunesse, ...\" \/>\n<meta property=\"og:url\" content=\"http:\/\/le-campus.org\/blog\/infos-jeunes\/\" \/>\n<meta property=\"og:site_name\" content=\"Le Campus Espace Jeunes\" \/>\n<meta property=\"article:publisher\" content=\"https:\/\/www.facebook.com\/pages\/Le-Campus-Espace-Jeunes\/357197730957345\" \/>\n<meta property=\"article:modified_time\" content=\"2022-09-03T14:28:30+00:00\" \/>\n<meta property=\"og:image\" content=\"http:\/\/le-campus.org\/blog\/wp-content\/uploads\/2022\/09\/303871396_608151440901261_8827290866588064041_n-2.jpg\" \/>\n<meta name=\"twitter:label1\" content=\"Dur\u00e9e de lecture estim\u00e9e\" \/>\n\t<meta name=\"twitter:data1\" content=\"1 minute\" \/>\n<script type=\"application\/ld+json\" class=\"yoast-schema-graph\">{\"@context\":\"https:\/\/schema.org\",\"@graph\":[{\"@type\":\"WebPage\",\"@id\":\"http:\/\/le-campus.org\/blog\/infos-jeunes\/\",\"url\":\"http:\/\/le-campus.org\/blog\/infos-jeunes\/\",\"name\":\"Infos Jeunes - Le Campus Espace Jeunes\",\"isPartOf\":{\"@id\":\"https:\/\/le-campus.org\/blog\/#website\"},\"datePublished\":\"2022-02-14T08:56:39+00:00\",\"dateModified\":\"2022-09-03T14:28:30+00:00\",\"inLanguage\":\"fr-FR\",\"potentialAction\":[{\"@type\":\"ReadAction\",\"target\":[\"http:\/\/le-campus.org\/blog\/infos-jeunes\/\"]}]},{\"@type\":\"WebSite\",\"@id\":\"https:\/\/le-campus.org\/blog\/#website\",\"url\":\"https:\/\/le-campus.org\/blog\/\",\"name\":\"Le Campus Espace Jeunes\",\"description\":\"\",\"publisher\":{\"@id\":\"https:\/\/le-campus.org\/blog\/#organization\"},\"potentialAction\":[{\"@type\":\"SearchAction\",\"target\":{\"@type\":\"EntryPoint\",\"urlTemplate\":\"https:\/\/le-campus.org\/blog\/?s={search_term_string}\"},\"query-input\":\"required name=search_term_string\"}],\"inLanguage\":\"fr-FR\"},{\"@type\":\"Organization\",\"@id\":\"https:\/\/le-campus.org\/blog\/#organization\",\"name\":\"Le Campus Espace Jeunes\",\"url\":\"https:\/\/le-campus.org\/blog\/\",\"logo\":{\"@type\":\"ImageObject\",\"inLanguage\":\"fr-FR\",\"@id\":\"https:\/\/le-campus.org\/blog\/#\/schema\/logo\/image\/\",\"url\":\"https:\/\/i0.wp.com\/le-campus.org\/blog\/wp-content\/uploads\/2016\/09\/cropped-Logo_Long-2.png?fit=285%2C90&ssl=1\",\"contentUrl\":\"https:\/\/i0.wp.com\/le-campus.org\/blog\/wp-content\/uploads\/2016\/09\/cropped-Logo_Long-2.png?fit=285%2C90&ssl=1\",\"width\":285,\"height\":90,\"caption\":\"Le Campus Espace Jeunes\"},\"image\":{\"@id\":\"https:\/\/le-campus.org\/blog\/#\/schema\/logo\/image\/\"},\"sameAs\":[\"https:\/\/www.facebook.com\/pages\/Le-Campus-Espace-Jeunes\/357197730957345\"]}]}<\/script>\n<!-- \/ Yoast SEO plugin. -->","yoast_head_json":{"title":"Infos Jeunes - Le Campus Espace Jeunes","robots":{"index":"index","follow":"follow","max-snippet":"max-snippet:-1","max-image-preview":"max-image-preview:large","max-video-preview":"max-video-preview:-1"},"canonical":"http:\/\/le-campus.org\/blog\/infos-jeunes\/","og_locale":"fr_FR","og_type":"article","og_title":"Infos Jeunes - Le Campus Espace Jeunes","og_description":"Le Campus Espace Jeunes est labellis\u00e9 Info Jeunes, il s&rsquo;agit d&rsquo;un lieu de ressources, d&rsquo;\u00e9coute et de propositions ouvert aux 11-30 ans, de mani\u00e8re anonyme et gratuite. Florian, informateur jeunesse, ...","og_url":"http:\/\/le-campus.org\/blog\/infos-jeunes\/","og_site_name":"Le Campus Espace Jeunes","article_publisher":"https:\/\/www.facebook.com\/pages\/Le-Campus-Espace-Jeunes\/357197730957345","article_modified_time":"2022-09-03T14:28:30+00:00","og_image":[{"url":"http:\/\/le-campus.org\/blog\/wp-content\/uploads\/2022\/09\/303871396_608151440901261_8827290866588064041_n-2.jpg"}],"twitter_misc":{"Dur\u00e9e de lecture estim\u00e9e":"1 minute"},"schema":{"@context":"https:\/\/schema.org","@graph":[{"@type":"WebPage","@id":"http:\/\/le-campus.org\/blog\/infos-jeunes\/","url":"http:\/\/le-campus.org\/blog\/infos-jeunes\/","name":"Infos Jeunes - Le Campus Espace Jeunes","isPartOf":{"@id":"https:\/\/le-campus.org\/blog\/#website"},"datePublished":"2022-02-14T08:56:39+00:00","dateModified":"2022-09-03T14:28:30+00:00","inLanguage":"fr-FR","potentialAction":[{"@type":"ReadAction","target":["http:\/\/le-campus.org\/blog\/infos-jeunes\/"]}]},{"@type":"WebSite","@id":"https:\/\/le-campus.org\/blog\/#website","url":"https:\/\/le-campus.org\/blog\/","name":"Le Campus Espace Jeunes","description":"","publisher":{"@id":"https:\/\/le-campus.org\/blog\/#organization"},"potentialAction":[{"@type":"SearchAction","target":{"@type":"EntryPoint","urlTemplate":"https:\/\/le-campus.org\/blog\/?s={search_term_string}"},"query-input":"required name=search_term_string"}],"inLanguage":"fr-FR"},{"@type":"Organization","@id":"https:\/\/le-campus.org\/blog\/#organization","name":"Le Campus Espace Jeunes","url":"https:\/\/le-campus.org\/blog\/","logo":{"@type":"ImageObject","inLanguage":"fr-FR","@id":"https:\/\/le-campus.org\/blog\/#\/schema\/logo\/image\/","url":"https:\/\/i0.wp.com\/le-campus.org\/blog\/wp-content\/uploads\/2016\/09\/cropped-Logo_Long-2.png?fit=285%2C90&ssl=1","contentUrl":"https:\/\/i0.wp.com\/le-campus.org\/blog\/wp-content\/uploads\/2016\/09\/cropped-Logo_Long-2.png?fit=285%2C90&ssl=1","width":285,"height":90,"caption":"Le Campus Espace Jeunes"},"image":{"@id":"https:\/\/le-campus.org\/blog\/#\/schema\/logo\/image\/"},"sameAs":["https:\/\/www.facebook.com\/pages\/Le-Campus-Espace-Jeunes\/357197730957345"]}]}},"jetpack_sharing_enabled":true,"jetpack_shortlink":"https:\/\/wp.me\/P7SwBl-308","jetpack-related-posts":[],"amp_enabled":true,"_links":{"self":[{"href":"https:\/\/le-campus.org\/blog\/wp-json\/wp\/v2\/pages\/11540"}],"collection":[{"href":"https:\/\/le-campus.org\/blog\/wp-json\/wp\/v2\/pages"}],"about":[{"href":"https:\/\/le-campus.org\/blog\/wp-json\/wp\/v2\/types\/page"}],"author":[{"embeddable":true,"href":"https:\/\/le-campus.org\/blog\/wp-json\/wp\/v2\/users\/1"}],"replies":[{"embeddable":true,"href":"https:\/\/le-campus.org\/blog\/wp-json\/wp\/v2\/comments?post=11540"}],"version-history":[{"count":18,"href":"https:\/\/le-campus.org\/blog\/wp-json\/wp\/v2\/pages\/11540\/revisions"}],"predecessor-version":[{"id":12549,"href":"https:\/\/le-campus.org\/blog\/wp-json\/wp\/v2\/pages\/11540\/revisions\/12549"}],"wp:attachment":[{"href":"https:\/\/le-campus.org\/blog\/wp-json\/wp\/v2\/media?parent=11540"}],"curies":[{"name":"wp","href":"https:\/\/api.w.org\/{rel}","templated":true}]}}