{"id":11473,"date":"2022-02-12T17:31:40","date_gmt":"2022-02-12T15:31:40","guid":{"rendered":"http:\/\/le-campus.org\/blog\/?page_id=11473"},"modified":"2022-03-10T18:00:48","modified_gmt":"2022-03-10T16:00:48","slug":"nos-activites-2","status":"publish","type":"page","link":"https:\/\/le-campus.org\/blog\/nos-activites-2\/","title":{"rendered":"ANIMATION"},"content":{"rendered":"\t\t<div data-elementor-type=\"wp-page\" data-elementor-id=\"11473\" class=\"elementor elementor-11473\">\n\t\t\t\t\t\t\t\t\t<section class=\"elementor-section elementor-top-section elementor-element elementor-element-27dbefb elementor-section-boxed elementor-section-height-default elementor-section-height-default\" data-id=\"27dbefb\" data-element_type=\"section\">\n\t\t\t\t\t\t<div class=\"elementor-container elementor-column-gap-default\">\n\t\t\t\t\t<div class=\"elementor-column elementor-col-100 elementor-top-column elementor-element elementor-element-5e7feb8\" data-id=\"5e7feb8\" data-element_type=\"column\">\n\t\t\t<div class=\"elementor-widget-wrap elementor-element-populated\">\n\t\t\t\t\t\t\t\t<div class=\"elementor-element elementor-element-cec8239 elementor-align-center elementor-widget elementor-widget-button\" data-id=\"cec8239\" data-element_type=\"widget\" data-widget_type=\"button.default\">\n\t\t\t\t<div class=\"elementor-widget-container\">\n\t\t\t\t\t<div class=\"elementor-button-wrapper\">\n\t\t\t<a class=\"elementor-button elementor-button-link elementor-size-sm\" href=\"http:\/\/le-campus.org\/blog\/adhesion\/\">\n\t\t\t\t\t\t<span class=\"elementor-button-content-wrapper\">\n\t\t\t\t\t\t<span class=\"elementor-button-icon elementor-align-icon-left\">\n\t\t\t\t<i aria-hidden=\"true\" class=\"far fa-arrow-alt-circle-right\"><\/i>\t\t\t<\/span>\n\t\t\t\t\t\t<span class=\"elementor-button-text\">Adh\u00e9sion au Campus<\/span>\n\t\t<\/span>\n\t\t\t\t\t<\/a>\n\t\t<\/div>\n\t\t\t\t<\/div>\n\t\t\t\t<\/div>\n\t\t\t\t\t<\/div>\n\t\t<\/div>\n\t\t\t\t\t\t\t<\/div>\n\t\t<\/section>\n\t\t\t\t<section class=\"elementor-section elementor-top-section elementor-element elementor-element-7b4313b elementor-section-boxed elementor-section-height-default elementor-section-height-default\" data-id=\"7b4313b\" data-element_type=\"section\">\n\t\t\t\t\t\t<div class=\"elementor-container elementor-column-gap-default\">\n\t\t\t\t\t<div class=\"elementor-column elementor-col-100 elementor-top-column elementor-element elementor-element-8c671ad\" data-id=\"8c671ad\" data-element_type=\"column\">\n\t\t\t<div class=\"elementor-widget-wrap elementor-element-populated\">\n\t\t\t\t\t\t\t\t<div class=\"elementor-element elementor-element-1cd0702 elementor-align-center elementor-widget elementor-widget-button\" data-id=\"1cd0702\" data-element_type=\"widget\" data-widget_type=\"button.default\">\n\t\t\t\t<div class=\"elementor-widget-container\">\n\t\t\t\t\t<div class=\"elementor-button-wrapper\">\n\t\t\t<a class=\"elementor-button elementor-button-link elementor-size-md\" href=\"http:\/\/le-campus.org\/blog\/activites-a-venir\/\">\n\t\t\t\t\t\t<span class=\"elementor-button-content-wrapper\">\n\t\t\t\t\t\t<span class=\"elementor-button-icon elementor-align-icon-left\">\n\t\t\t\t<i aria-hidden=\"true\" class=\"far fa-arrow-alt-circle-right\"><\/i>\t\t\t<\/span>\n\t\t\t\t\t\t<span class=\"elementor-button-text\">Programme d'activit\u00e9s<\/span>\n\t\t<\/span>\n\t\t\t\t\t<\/a>\n\t\t<\/div>\n\t\t\t\t<\/div>\n\t\t\t\t<\/div>\n\t\t\t\t<div class=\"elementor-element elementor-element-4c25728 elementor-align-center elementor-widget elementor-widget-button\" data-id=\"4c25728\" data-element_type=\"widget\" data-widget_type=\"button.default\">\n\t\t\t\t<div class=\"elementor-widget-container\">\n\t\t\t\t\t<div class=\"elementor-button-wrapper\">\n\t\t\t<a class=\"elementor-button elementor-button-link elementor-size-md\" href=\"http:\/\/le-campus.org\/blog\/nos-sejours\/\">\n\t\t\t\t\t\t<span class=\"elementor-button-content-wrapper\">\n\t\t\t\t\t\t<span class=\"elementor-button-icon elementor-align-icon-left\">\n\t\t\t\t<i aria-hidden=\"true\" class=\"far fa-arrow-alt-circle-right\"><\/i>\t\t\t<\/span>\n\t\t\t\t\t\t<span class=\"elementor-button-text\">S\u00e9jours \u00e0 venir<\/span>\n\t\t<\/span>\n\t\t\t\t\t<\/a>\n\t\t<\/div>\n\t\t\t\t<\/div>\n\t\t\t\t<\/div>\n\t\t\t\t\t<\/div>\n\t\t<\/div>\n\t\t\t\t\t\t\t<\/div>\n\t\t<\/section>\n\t\t\t\t<section class=\"elementor-section elementor-top-section elementor-element elementor-element-9320991 elementor-section-boxed elementor-section-height-default elementor-section-height-default\" data-id=\"9320991\" data-element_type=\"section\">\n\t\t\t\t\t\t<div class=\"elementor-container elementor-column-gap-default\">\n\t\t\t\t\t<div class=\"elementor-column elementor-col-100 elementor-top-column elementor-element elementor-element-cfb8e09\" data-id=\"cfb8e09\" data-element_type=\"column\">\n\t\t\t<div class=\"elementor-widget-wrap elementor-element-populated\">\n\t\t\t\t\t\t\t\t<div class=\"elementor-element elementor-element-cac334b elementor-align-center elementor-widget elementor-widget-button\" data-id=\"cac334b\" data-element_type=\"widget\" data-widget_type=\"button.default\">\n\t\t\t\t<div class=\"elementor-widget-container\">\n\t\t\t\t\t<div class=\"elementor-button-wrapper\">\n\t\t\t<a class=\"elementor-button elementor-button-link elementor-size-sm\" href=\"http:\/\/le-campus.org\/blog\/ateliers\/\">\n\t\t\t\t\t\t<span class=\"elementor-button-content-wrapper\">\n\t\t\t\t\t\t<span class=\"elementor-button-icon elementor-align-icon-left\">\n\t\t\t\t<i aria-hidden=\"true\" class=\"far fa-arrow-alt-circle-right\"><\/i>\t\t\t<\/span>\n\t\t\t\t\t\t<span class=\"elementor-button-text\">Ateliers<\/span>\n\t\t<\/span>\n\t\t\t\t\t<\/a>\n\t\t<\/div>\n\t\t\t\t<\/div>\n\t\t\t\t<\/div>\n\t\t\t\t\t<\/div>\n\t\t<\/div>\n\t\t\t\t\t\t\t<\/div>\n\t\t<\/section>\n\t\t\t\t\t\t\t<\/div>\n\t\t","protected":false},"excerpt":{"rendered":"<p>Adh\u00e9sion au Campus Programme d&rsquo;activit\u00e9s S\u00e9jours \u00e0 venir Ateliers<\/p>\n","protected":false},"author":1,"featured_media":0,"parent":0,"menu_order":0,"comment_status":"closed","ping_status":"closed","template":"","meta":{"jetpack_post_was_ever_published":false,"footnotes":""},"yoast_head":"<!-- This site is optimized with the Yoast SEO plugin v20.1 - https:\/\/yoast.com\/wordpress\/plugins\/seo\/ -->\n<title>ANIMATION - Le Campus Espace Jeunes<\/title>\n<meta name=\"robots\" content=\"index, follow, max-snippet:-1, max-image-preview:large, max-video-preview:-1\" \/>\n<link rel=\"canonical\" href=\"https:\/\/le-campus.org\/blog\/nos-activites-2\/\" \/>\n<meta property=\"og:locale\" content=\"fr_FR\" \/>\n<meta property=\"og:type\" content=\"article\" \/>\n<meta property=\"og:title\" content=\"ANIMATION - Le Campus Espace Jeunes\" \/>\n<meta property=\"og:description\" content=\"Adh\u00e9sion au Campus Programme d&rsquo;activit\u00e9s S\u00e9jours \u00e0 venir Ateliers\" \/>\n<meta property=\"og:url\" content=\"https:\/\/le-campus.org\/blog\/nos-activites-2\/\" \/>\n<meta property=\"og:site_name\" content=\"Le Campus Espace Jeunes\" \/>\n<meta property=\"article:publisher\" content=\"https:\/\/www.facebook.com\/pages\/Le-Campus-Espace-Jeunes\/357197730957345\" \/>\n<meta property=\"article:modified_time\" content=\"2022-03-10T16:00:48+00:00\" \/>\n<meta name=\"twitter:label1\" content=\"Dur\u00e9e de lecture estim\u00e9e\" \/>\n\t<meta name=\"twitter:data1\" content=\"1 minute\" \/>\n<script type=\"application\/ld+json\" class=\"yoast-schema-graph\">{\"@context\":\"https:\/\/schema.org\",\"@graph\":[{\"@type\":\"WebPage\",\"@id\":\"https:\/\/le-campus.org\/blog\/nos-activites-2\/\",\"url\":\"https:\/\/le-campus.org\/blog\/nos-activites-2\/\",\"name\":\"ANIMATION - Le Campus Espace Jeunes\",\"isPartOf\":{\"@id\":\"http:\/\/le-campus.org\/blog\/#website\"},\"datePublished\":\"2022-02-12T15:31:40+00:00\",\"dateModified\":\"2022-03-10T16:00:48+00:00\",\"inLanguage\":\"fr-FR\",\"potentialAction\":[{\"@type\":\"ReadAction\",\"target\":[\"https:\/\/le-campus.org\/blog\/nos-activites-2\/\"]}]},{\"@type\":\"WebSite\",\"@id\":\"http:\/\/le-campus.org\/blog\/#website\",\"url\":\"http:\/\/le-campus.org\/blog\/\",\"name\":\"Le Campus Espace Jeunes\",\"description\":\"\",\"publisher\":{\"@id\":\"http:\/\/le-campus.org\/blog\/#organization\"},\"potentialAction\":[{\"@type\":\"SearchAction\",\"target\":{\"@type\":\"EntryPoint\",\"urlTemplate\":\"http:\/\/le-campus.org\/blog\/?s={search_term_string}\"},\"query-input\":\"required name=search_term_string\"}],\"inLanguage\":\"fr-FR\"},{\"@type\":\"Organization\",\"@id\":\"http:\/\/le-campus.org\/blog\/#organization\",\"name\":\"Le Campus Espace Jeunes\",\"url\":\"http:\/\/le-campus.org\/blog\/\",\"logo\":{\"@type\":\"ImageObject\",\"inLanguage\":\"fr-FR\",\"@id\":\"http:\/\/le-campus.org\/blog\/#\/schema\/logo\/image\/\",\"url\":\"https:\/\/i0.wp.com\/le-campus.org\/blog\/wp-content\/uploads\/2016\/09\/cropped-Logo_Long-2.png?fit=285%2C90&ssl=1\",\"contentUrl\":\"https:\/\/i0.wp.com\/le-campus.org\/blog\/wp-content\/uploads\/2016\/09\/cropped-Logo_Long-2.png?fit=285%2C90&ssl=1\",\"width\":285,\"height\":90,\"caption\":\"Le Campus Espace Jeunes\"},\"image\":{\"@id\":\"http:\/\/le-campus.org\/blog\/#\/schema\/logo\/image\/\"},\"sameAs\":[\"https:\/\/www.facebook.com\/pages\/Le-Campus-Espace-Jeunes\/357197730957345\"]}]}<\/script>\n<!-- \/ Yoast SEO plugin. -->","yoast_head_json":{"title":"ANIMATION - Le Campus Espace Jeunes","robots":{"index":"index","follow":"follow","max-snippet":"max-snippet:-1","max-image-preview":"max-image-preview:large","max-video-preview":"max-video-preview:-1"},"canonical":"https:\/\/le-campus.org\/blog\/nos-activites-2\/","og_locale":"fr_FR","og_type":"article","og_title":"ANIMATION - Le Campus Espace Jeunes","og_description":"Adh\u00e9sion au Campus Programme d&rsquo;activit\u00e9s S\u00e9jours \u00e0 venir Ateliers","og_url":"https:\/\/le-campus.org\/blog\/nos-activites-2\/","og_site_name":"Le Campus Espace Jeunes","article_publisher":"https:\/\/www.facebook.com\/pages\/Le-Campus-Espace-Jeunes\/357197730957345","article_modified_time":"2022-03-10T16:00:48+00:00","twitter_misc":{"Dur\u00e9e de lecture estim\u00e9e":"1 minute"},"schema":{"@context":"https:\/\/schema.org","@graph":[{"@type":"WebPage","@id":"https:\/\/le-campus.org\/blog\/nos-activites-2\/","url":"https:\/\/le-campus.org\/blog\/nos-activites-2\/","name":"ANIMATION - Le Campus Espace Jeunes","isPartOf":{"@id":"http:\/\/le-campus.org\/blog\/#website"},"datePublished":"2022-02-12T15:31:40+00:00","dateModified":"2022-03-10T16:00:48+00:00","inLanguage":"fr-FR","potentialAction":[{"@type":"ReadAction","target":["https:\/\/le-campus.org\/blog\/nos-activites-2\/"]}]},{"@type":"WebSite","@id":"http:\/\/le-campus.org\/blog\/#website","url":"http:\/\/le-campus.org\/blog\/","name":"Le Campus Espace Jeunes","description":"","publisher":{"@id":"http:\/\/le-campus.org\/blog\/#organization"},"potentialAction":[{"@type":"SearchAction","target":{"@type":"EntryPoint","urlTemplate":"http:\/\/le-campus.org\/blog\/?s={search_term_string}"},"query-input":"required name=search_term_string"}],"inLanguage":"fr-FR"},{"@type":"Organization","@id":"http:\/\/le-campus.org\/blog\/#organization","name":"Le Campus Espace Jeunes","url":"http:\/\/le-campus.org\/blog\/","logo":{"@type":"ImageObject","inLanguage":"fr-FR","@id":"http:\/\/le-campus.org\/blog\/#\/schema\/logo\/image\/","url":"https:\/\/i0.wp.com\/le-campus.org\/blog\/wp-content\/uploads\/2016\/09\/cropped-Logo_Long-2.png?fit=285%2C90&ssl=1","contentUrl":"https:\/\/i0.wp.com\/le-campus.org\/blog\/wp-content\/uploads\/2016\/09\/cropped-Logo_Long-2.png?fit=285%2C90&ssl=1","width":285,"height":90,"caption":"Le Campus Espace Jeunes"},"image":{"@id":"http:\/\/le-campus.org\/blog\/#\/schema\/logo\/image\/"},"sameAs":["https:\/\/www.facebook.com\/pages\/Le-Campus-Espace-Jeunes\/357197730957345"]}]}},"jetpack_sharing_enabled":true,"jetpack_shortlink":"https:\/\/wp.me\/P7SwBl-2Z3","jetpack-related-posts":[],"amp_enabled":true,"_links":{"self":[{"href":"https:\/\/le-campus.org\/blog\/wp-json\/wp\/v2\/pages\/11473"}],"collection":[{"href":"https:\/\/le-campus.org\/blog\/wp-json\/wp\/v2\/pages"}],"about":[{"href":"https:\/\/le-campus.org\/blog\/wp-json\/wp\/v2\/types\/page"}],"author":[{"embeddable":true,"href":"https:\/\/le-campus.org\/blog\/wp-json\/wp\/v2\/users\/1"}],"replies":[{"embeddable":true,"href":"https:\/\/le-campus.org\/blog\/wp-json\/wp\/v2\/comments?post=11473"}],"version-history":[{"count":4,"href":"https:\/\/le-campus.org\/blog\/wp-json\/wp\/v2\/pages\/11473\/revisions"}],"predecessor-version":[{"id":11905,"href":"https:\/\/le-campus.org\/blog\/wp-json\/wp\/v2\/pages\/11473\/revisions\/11905"}],"wp:attachment":[{"href":"https:\/\/le-campus.org\/blog\/wp-json\/wp\/v2\/media?parent=11473"}],"curies":[{"name":"wp","href":"https:\/\/api.w.org\/{rel}","templated":true}]}}