{"id":4199,"date":"2016-09-13T14:43:05","date_gmt":"2016-09-13T12:43:05","guid":{"rendered":"http:\/\/le-campus.org\/blog\/?page_id=4199"},"modified":"2024-09-02T11:56:06","modified_gmt":"2024-09-02T09:56:06","slug":"ateliers","status":"publish","type":"page","link":"http:\/\/le-campus.org\/blog\/ateliers\/","title":{"rendered":"Ateliers"},"content":{"rendered":"\t\t<div data-elementor-type=\"wp-page\" data-elementor-id=\"4199\" class=\"elementor elementor-4199\">\n\t\t\t\t\t\t\t\t\t<section class=\"elementor-section elementor-top-section elementor-element elementor-element-ef91aad elementor-section-boxed elementor-section-height-default elementor-section-height-default\" data-id=\"ef91aad\" data-element_type=\"section\">\n\t\t\t\t\t\t<div class=\"elementor-container elementor-column-gap-default\">\n\t\t\t\t\t<div class=\"elementor-column elementor-col-100 elementor-top-column elementor-element elementor-element-30a4289\" data-id=\"30a4289\" data-element_type=\"column\">\n\t\t\t<div class=\"elementor-widget-wrap elementor-element-populated\">\n\t\t\t\t\t\t\t\t<div class=\"elementor-element elementor-element-b839082 elementor-widget elementor-widget-text-editor\" data-id=\"b839082\" data-element_type=\"widget\" data-widget_type=\"text-editor.default\">\n\t\t\t\t<div class=\"elementor-widget-container\">\n\t\t\t\t\t\t\t<p>Tout au long de l&rsquo;ann\u00e9e, des jeunes participent aux diff\u00e9rents ateliers propos\u00e9s par le Campus.<\/p>\n<p>Ces ateliers sont gratuits mais n\u00e9cessitent une assiduit\u00e9 de \npr\u00e9sence.&nbsp; Renseignez-vous aupr\u00e8s des animateurs du campus pour plus \nd&rsquo;informations.<\/p>\t\t\t\t\t\t<\/div>\n\t\t\t\t<\/div>\n\t\t\t\t\t<\/div>\n\t\t<\/div>\n\t\t\t\t\t\t\t<\/div>\n\t\t<\/section>\n\t\t\t\t<section class=\"elementor-section elementor-top-section elementor-element elementor-element-9b226e8 elementor-section-boxed elementor-section-height-default elementor-section-height-default\" data-id=\"9b226e8\" data-element_type=\"section\">\n\t\t\t\t\t\t<div class=\"elementor-container elementor-column-gap-default\">\n\t\t\t\t\t<div class=\"elementor-column elementor-col-100 elementor-top-column elementor-element elementor-element-246de90\" data-id=\"246de90\" data-element_type=\"column\">\n\t\t\t<div class=\"elementor-widget-wrap elementor-element-populated\">\n\t\t\t\t\t\t\t\t<div class=\"elementor-element elementor-element-c8cd5ee elementor-widget elementor-widget-image-gallery\" data-id=\"c8cd5ee\" data-element_type=\"widget\" data-widget_type=\"image-gallery.default\">\n\t\t\t\t<div class=\"elementor-widget-container\">\n\t\t\t\t\t<div class=\"elementor-image-gallery\">\n\t\t\t<div id='gallery-1' class='gallery galleryid-4199 gallery-columns-4 gallery-size-1536x1536'><figure class='gallery-item'>\n\t\t\t<div class='gallery-icon portrait'>\n\t\t\t\t<a data-elementor-open-lightbox=\"yes\" data-elementor-lightbox-slideshow=\"c8cd5ee\" data-elementor-lightbox-title=\"arts p\" data-e-action-hash=\"#elementor-action%3Aaction%3Dlightbox%26settings%3DeyJpZCI6MTQzMjcsInVybCI6Imh0dHA6XC9cL2xlLWNhbXB1cy5vcmdcL2Jsb2dcL3dwLWNvbnRlbnRcL3VwbG9hZHNcLzIwMjRcLzA5XC9hcnRzLXAucG5nIiwic2xpZGVzaG93IjoiYzhjZDVlZSJ9\" href=\"https:\/\/i0.wp.com\/le-campus.org\/blog\/wp-content\/uploads\/2024\/09\/arts-p.png\"><img loading=\"lazy\" decoding=\"async\" width=\"1086\" height=\"1536\" src=\"https:\/\/i0.wp.com\/le-campus.org\/blog\/wp-content\/uploads\/2024\/09\/arts-p.png?fit=1086%2C1536\" class=\"attachment-1536x1536 size-1536x1536\" alt=\"\" srcset=\"https:\/\/i0.wp.com\/le-campus.org\/blog\/wp-content\/uploads\/2024\/09\/arts-p.png?w=1414 1414w, https:\/\/i0.wp.com\/le-campus.org\/blog\/wp-content\/uploads\/2024\/09\/arts-p.png?resize=212%2C300 212w, https:\/\/i0.wp.com\/le-campus.org\/blog\/wp-content\/uploads\/2024\/09\/arts-p.png?resize=724%2C1024 724w, https:\/\/i0.wp.com\/le-campus.org\/blog\/wp-content\/uploads\/2024\/09\/arts-p.png?resize=768%2C1086 768w, https:\/\/i0.wp.com\/le-campus.org\/blog\/wp-content\/uploads\/2024\/09\/arts-p.png?resize=1086%2C1536 1086w, https:\/\/i0.wp.com\/le-campus.org\/blog\/wp-content\/uploads\/2024\/09\/arts-p.png?resize=1320%2C1867 1320w\" sizes=\"(max-width: 800px) 100vw, 800px\" \/><\/a>\n\t\t\t<\/div><\/figure><figure class='gallery-item'>\n\t\t\t<div class='gallery-icon portrait'>\n\t\t\t\t<a data-elementor-open-lightbox=\"yes\" data-elementor-lightbox-slideshow=\"c8cd5ee\" data-elementor-lightbox-title=\"Pink Creative Vibrant Cutouts Art Flyer\" data-e-action-hash=\"#elementor-action%3Aaction%3Dlightbox%26settings%3DeyJpZCI6MTQzMjgsInVybCI6Imh0dHA6XC9cL2xlLWNhbXB1cy5vcmdcL2Jsb2dcL3dwLWNvbnRlbnRcL3VwbG9hZHNcLzIwMjRcLzA5XC9QaW5rLUNyZWF0aXZlLVZpYnJhbnQtQ3V0b3V0cy1BcnQtRmx5ZXIucG5nIiwic2xpZGVzaG93IjoiYzhjZDVlZSJ9\" href=\"https:\/\/i0.wp.com\/le-campus.org\/blog\/wp-content\/uploads\/2024\/09\/Pink-Creative-Vibrant-Cutouts-Art-Flyer.png\"><img loading=\"lazy\" decoding=\"async\" width=\"1086\" height=\"1536\" src=\"https:\/\/i0.wp.com\/le-campus.org\/blog\/wp-content\/uploads\/2024\/09\/Pink-Creative-Vibrant-Cutouts-Art-Flyer.png?fit=1086%2C1536\" class=\"attachment-1536x1536 size-1536x1536\" alt=\"\" srcset=\"https:\/\/i0.wp.com\/le-campus.org\/blog\/wp-content\/uploads\/2024\/09\/Pink-Creative-Vibrant-Cutouts-Art-Flyer.png?w=1414 1414w, https:\/\/i0.wp.com\/le-campus.org\/blog\/wp-content\/uploads\/2024\/09\/Pink-Creative-Vibrant-Cutouts-Art-Flyer.png?resize=212%2C300 212w, https:\/\/i0.wp.com\/le-campus.org\/blog\/wp-content\/uploads\/2024\/09\/Pink-Creative-Vibrant-Cutouts-Art-Flyer.png?resize=724%2C1024 724w, https:\/\/i0.wp.com\/le-campus.org\/blog\/wp-content\/uploads\/2024\/09\/Pink-Creative-Vibrant-Cutouts-Art-Flyer.png?resize=768%2C1086 768w, https:\/\/i0.wp.com\/le-campus.org\/blog\/wp-content\/uploads\/2024\/09\/Pink-Creative-Vibrant-Cutouts-Art-Flyer.png?resize=1086%2C1536 1086w, https:\/\/i0.wp.com\/le-campus.org\/blog\/wp-content\/uploads\/2024\/09\/Pink-Creative-Vibrant-Cutouts-Art-Flyer.png?resize=1320%2C1867 1320w\" sizes=\"(max-width: 800px) 100vw, 800px\" \/><\/a>\n\t\t\t<\/div><\/figure><figure class='gallery-item'>\n\t\t\t<div class='gallery-icon portrait'>\n\t\t\t\t<a data-elementor-open-lightbox=\"yes\" data-elementor-lightbox-slideshow=\"c8cd5ee\" data-elementor-lightbox-title=\"th\u00e9\u00e2tre\" data-e-action-hash=\"#elementor-action%3Aaction%3Dlightbox%26settings%3DeyJpZCI6MTQzMzAsInVybCI6Imh0dHA6XC9cL2xlLWNhbXB1cy5vcmdcL2Jsb2dcL3dwLWNvbnRlbnRcL3VwbG9hZHNcLzIwMjRcLzA5XC90aGVhdHJlLnBuZyIsInNsaWRlc2hvdyI6ImM4Y2Q1ZWUifQ%3D%3D\" href=\"https:\/\/i0.wp.com\/le-campus.org\/blog\/wp-content\/uploads\/2024\/09\/theatre.png\"><img loading=\"lazy\" decoding=\"async\" width=\"1086\" height=\"1536\" src=\"https:\/\/i0.wp.com\/le-campus.org\/blog\/wp-content\/uploads\/2024\/09\/theatre.png?fit=1086%2C1536\" class=\"attachment-1536x1536 size-1536x1536\" alt=\"\" srcset=\"https:\/\/i0.wp.com\/le-campus.org\/blog\/wp-content\/uploads\/2024\/09\/theatre.png?w=1414 1414w, https:\/\/i0.wp.com\/le-campus.org\/blog\/wp-content\/uploads\/2024\/09\/theatre.png?resize=212%2C300 212w, https:\/\/i0.wp.com\/le-campus.org\/blog\/wp-content\/uploads\/2024\/09\/theatre.png?resize=724%2C1024 724w, https:\/\/i0.wp.com\/le-campus.org\/blog\/wp-content\/uploads\/2024\/09\/theatre.png?resize=768%2C1086 768w, https:\/\/i0.wp.com\/le-campus.org\/blog\/wp-content\/uploads\/2024\/09\/theatre.png?resize=1086%2C1536 1086w, https:\/\/i0.wp.com\/le-campus.org\/blog\/wp-content\/uploads\/2024\/09\/theatre.png?resize=1320%2C1867 1320w\" sizes=\"(max-width: 800px) 100vw, 800px\" \/><\/a>\n\t\t\t<\/div><\/figure><figure class='gallery-item'>\n\t\t\t<div class='gallery-icon portrait'>\n\t\t\t\t<a data-elementor-open-lightbox=\"yes\" data-elementor-lightbox-slideshow=\"c8cd5ee\" data-elementor-lightbox-title=\"vid\u00e9o\" data-e-action-hash=\"#elementor-action%3Aaction%3Dlightbox%26settings%3DeyJpZCI6MTQzMzEsInVybCI6Imh0dHA6XC9cL2xlLWNhbXB1cy5vcmdcL2Jsb2dcL3dwLWNvbnRlbnRcL3VwbG9hZHNcLzIwMjRcLzA5XC92aWRlby5wbmciLCJzbGlkZXNob3ciOiJjOGNkNWVlIn0%3D\" href=\"https:\/\/i0.wp.com\/le-campus.org\/blog\/wp-content\/uploads\/2024\/09\/video.png\"><img loading=\"lazy\" decoding=\"async\" width=\"1086\" height=\"1536\" src=\"https:\/\/i0.wp.com\/le-campus.org\/blog\/wp-content\/uploads\/2024\/09\/video.png?fit=1086%2C1536\" class=\"attachment-1536x1536 size-1536x1536\" alt=\"\" srcset=\"https:\/\/i0.wp.com\/le-campus.org\/blog\/wp-content\/uploads\/2024\/09\/video.png?w=1414 1414w, https:\/\/i0.wp.com\/le-campus.org\/blog\/wp-content\/uploads\/2024\/09\/video.png?resize=212%2C300 212w, https:\/\/i0.wp.com\/le-campus.org\/blog\/wp-content\/uploads\/2024\/09\/video.png?resize=724%2C1024 724w, https:\/\/i0.wp.com\/le-campus.org\/blog\/wp-content\/uploads\/2024\/09\/video.png?resize=768%2C1086 768w, https:\/\/i0.wp.com\/le-campus.org\/blog\/wp-content\/uploads\/2024\/09\/video.png?resize=1086%2C1536 1086w, https:\/\/i0.wp.com\/le-campus.org\/blog\/wp-content\/uploads\/2024\/09\/video.png?resize=1320%2C1867 1320w\" sizes=\"(max-width: 800px) 100vw, 800px\" \/><\/a>\n\t\t\t<\/div><\/figure>\n\t\t<\/div>\n\t\t<\/div>\n\t\t\t\t<\/div>\n\t\t\t\t<\/div>\n\t\t\t\t\t<\/div>\n\t\t<\/div>\n\t\t\t\t\t\t\t<\/div>\n\t\t<\/section>\n\t\t\t\t\t\t\t<\/div>\n\t\t","protected":false},"excerpt":{"rendered":"<p>Tout au long de l&rsquo;ann\u00e9e, des jeunes participent aux diff\u00e9rents ateliers propos\u00e9s par le Campus. Ces ateliers sont gratuits mais n\u00e9cessitent une assiduit\u00e9 de pr\u00e9sence.&nbsp; Renseignez-vous aupr\u00e8s des animateurs du &#8230;<\/p>\n","protected":false},"author":1,"featured_media":0,"parent":0,"menu_order":0,"comment_status":"closed","ping_status":"closed","template":"","meta":{"jetpack_post_was_ever_published":false,"footnotes":""},"yoast_head":"<!-- This site is optimized with the Yoast SEO plugin v20.1 - https:\/\/yoast.com\/wordpress\/plugins\/seo\/ -->\n<title>Ateliers - Le Campus Espace Jeunes<\/title>\n<meta name=\"robots\" content=\"index, follow, max-snippet:-1, max-image-preview:large, max-video-preview:-1\" \/>\n<link rel=\"canonical\" href=\"http:\/\/le-campus.org\/blog\/ateliers\/\" \/>\n<meta property=\"og:locale\" content=\"fr_FR\" \/>\n<meta property=\"og:type\" content=\"article\" \/>\n<meta property=\"og:title\" content=\"Ateliers - Le Campus Espace Jeunes\" \/>\n<meta property=\"og:description\" content=\"Tout au long de l&rsquo;ann\u00e9e, des jeunes participent aux diff\u00e9rents ateliers propos\u00e9s par le Campus. Ces ateliers sont gratuits mais n\u00e9cessitent une assiduit\u00e9 de pr\u00e9sence.&nbsp; Renseignez-vous aupr\u00e8s des animateurs du ...\" \/>\n<meta property=\"og:url\" content=\"http:\/\/le-campus.org\/blog\/ateliers\/\" \/>\n<meta property=\"og:site_name\" content=\"Le Campus Espace Jeunes\" \/>\n<meta property=\"article:publisher\" content=\"https:\/\/www.facebook.com\/pages\/Le-Campus-Espace-Jeunes\/357197730957345\" \/>\n<meta property=\"article:modified_time\" content=\"2024-09-02T09:56:06+00:00\" \/>\n<meta property=\"og:image\" content=\"http:\/\/le-campus.org\/blog\/wp-content\/uploads\/2024\/09\/arts-p-1086x1536.png\" \/>\n<meta name=\"twitter:label1\" content=\"Dur\u00e9e de lecture estim\u00e9e\" \/>\n\t<meta name=\"twitter:data1\" content=\"1 minute\" \/>\n<script type=\"application\/ld+json\" class=\"yoast-schema-graph\">{\"@context\":\"https:\/\/schema.org\",\"@graph\":[{\"@type\":\"WebPage\",\"@id\":\"http:\/\/le-campus.org\/blog\/ateliers\/\",\"url\":\"http:\/\/le-campus.org\/blog\/ateliers\/\",\"name\":\"Ateliers - Le Campus Espace Jeunes\",\"isPartOf\":{\"@id\":\"http:\/\/le-campus.org\/blog\/#website\"},\"datePublished\":\"2016-09-13T12:43:05+00:00\",\"dateModified\":\"2024-09-02T09:56:06+00:00\",\"inLanguage\":\"fr-FR\",\"potentialAction\":[{\"@type\":\"ReadAction\",\"target\":[\"http:\/\/le-campus.org\/blog\/ateliers\/\"]}]},{\"@type\":\"WebSite\",\"@id\":\"http:\/\/le-campus.org\/blog\/#website\",\"url\":\"http:\/\/le-campus.org\/blog\/\",\"name\":\"Le Campus Espace Jeunes\",\"description\":\"\",\"publisher\":{\"@id\":\"http:\/\/le-campus.org\/blog\/#organization\"},\"potentialAction\":[{\"@type\":\"SearchAction\",\"target\":{\"@type\":\"EntryPoint\",\"urlTemplate\":\"http:\/\/le-campus.org\/blog\/?s={search_term_string}\"},\"query-input\":\"required name=search_term_string\"}],\"inLanguage\":\"fr-FR\"},{\"@type\":\"Organization\",\"@id\":\"http:\/\/le-campus.org\/blog\/#organization\",\"name\":\"Le Campus Espace Jeunes\",\"url\":\"http:\/\/le-campus.org\/blog\/\",\"logo\":{\"@type\":\"ImageObject\",\"inLanguage\":\"fr-FR\",\"@id\":\"http:\/\/le-campus.org\/blog\/#\/schema\/logo\/image\/\",\"url\":\"https:\/\/i0.wp.com\/le-campus.org\/blog\/wp-content\/uploads\/2016\/09\/cropped-Logo_Long-2.png?fit=285%2C90\",\"contentUrl\":\"https:\/\/i0.wp.com\/le-campus.org\/blog\/wp-content\/uploads\/2016\/09\/cropped-Logo_Long-2.png?fit=285%2C90\",\"width\":285,\"height\":90,\"caption\":\"Le Campus Espace Jeunes\"},\"image\":{\"@id\":\"http:\/\/le-campus.org\/blog\/#\/schema\/logo\/image\/\"},\"sameAs\":[\"https:\/\/www.facebook.com\/pages\/Le-Campus-Espace-Jeunes\/357197730957345\"]}]}<\/script>\n<!-- \/ Yoast SEO plugin. -->","yoast_head_json":{"title":"Ateliers - Le Campus Espace Jeunes","robots":{"index":"index","follow":"follow","max-snippet":"max-snippet:-1","max-image-preview":"max-image-preview:large","max-video-preview":"max-video-preview:-1"},"canonical":"http:\/\/le-campus.org\/blog\/ateliers\/","og_locale":"fr_FR","og_type":"article","og_title":"Ateliers - Le Campus Espace Jeunes","og_description":"Tout au long de l&rsquo;ann\u00e9e, des jeunes participent aux diff\u00e9rents ateliers propos\u00e9s par le Campus. Ces ateliers sont gratuits mais n\u00e9cessitent une assiduit\u00e9 de pr\u00e9sence.&nbsp; Renseignez-vous aupr\u00e8s des animateurs du ...","og_url":"http:\/\/le-campus.org\/blog\/ateliers\/","og_site_name":"Le Campus Espace Jeunes","article_publisher":"https:\/\/www.facebook.com\/pages\/Le-Campus-Espace-Jeunes\/357197730957345","article_modified_time":"2024-09-02T09:56:06+00:00","og_image":[{"url":"http:\/\/le-campus.org\/blog\/wp-content\/uploads\/2024\/09\/arts-p-1086x1536.png"}],"twitter_misc":{"Dur\u00e9e de lecture estim\u00e9e":"1 minute"},"schema":{"@context":"https:\/\/schema.org","@graph":[{"@type":"WebPage","@id":"http:\/\/le-campus.org\/blog\/ateliers\/","url":"http:\/\/le-campus.org\/blog\/ateliers\/","name":"Ateliers - Le Campus Espace Jeunes","isPartOf":{"@id":"http:\/\/le-campus.org\/blog\/#website"},"datePublished":"2016-09-13T12:43:05+00:00","dateModified":"2024-09-02T09:56:06+00:00","inLanguage":"fr-FR","potentialAction":[{"@type":"ReadAction","target":["http:\/\/le-campus.org\/blog\/ateliers\/"]}]},{"@type":"WebSite","@id":"http:\/\/le-campus.org\/blog\/#website","url":"http:\/\/le-campus.org\/blog\/","name":"Le Campus Espace Jeunes","description":"","publisher":{"@id":"http:\/\/le-campus.org\/blog\/#organization"},"potentialAction":[{"@type":"SearchAction","target":{"@type":"EntryPoint","urlTemplate":"http:\/\/le-campus.org\/blog\/?s={search_term_string}"},"query-input":"required name=search_term_string"}],"inLanguage":"fr-FR"},{"@type":"Organization","@id":"http:\/\/le-campus.org\/blog\/#organization","name":"Le Campus Espace Jeunes","url":"http:\/\/le-campus.org\/blog\/","logo":{"@type":"ImageObject","inLanguage":"fr-FR","@id":"http:\/\/le-campus.org\/blog\/#\/schema\/logo\/image\/","url":"https:\/\/i0.wp.com\/le-campus.org\/blog\/wp-content\/uploads\/2016\/09\/cropped-Logo_Long-2.png?fit=285%2C90","contentUrl":"https:\/\/i0.wp.com\/le-campus.org\/blog\/wp-content\/uploads\/2016\/09\/cropped-Logo_Long-2.png?fit=285%2C90","width":285,"height":90,"caption":"Le Campus Espace Jeunes"},"image":{"@id":"http:\/\/le-campus.org\/blog\/#\/schema\/logo\/image\/"},"sameAs":["https:\/\/www.facebook.com\/pages\/Le-Campus-Espace-Jeunes\/357197730957345"]}]}},"jetpack_sharing_enabled":true,"jetpack_shortlink":"https:\/\/wp.me\/P7SwBl-15J","jetpack-related-posts":[],"amp_enabled":true,"_links":{"self":[{"href":"http:\/\/le-campus.org\/blog\/wp-json\/wp\/v2\/pages\/4199"}],"collection":[{"href":"http:\/\/le-campus.org\/blog\/wp-json\/wp\/v2\/pages"}],"about":[{"href":"http:\/\/le-campus.org\/blog\/wp-json\/wp\/v2\/types\/page"}],"author":[{"embeddable":true,"href":"http:\/\/le-campus.org\/blog\/wp-json\/wp\/v2\/users\/1"}],"replies":[{"embeddable":true,"href":"http:\/\/le-campus.org\/blog\/wp-json\/wp\/v2\/comments?post=4199"}],"version-history":[{"count":7,"href":"http:\/\/le-campus.org\/blog\/wp-json\/wp\/v2\/pages\/4199\/revisions"}],"predecessor-version":[{"id":14334,"href":"http:\/\/le-campus.org\/blog\/wp-json\/wp\/v2\/pages\/4199\/revisions\/14334"}],"wp:attachment":[{"href":"http:\/\/le-campus.org\/blog\/wp-json\/wp\/v2\/media?parent=4199"}],"curies":[{"name":"wp","href":"https:\/\/api.w.org\/{rel}","templated":true}]}}