{"id":14618,"date":"2025-06-07T15:50:19","date_gmt":"2025-06-07T13:50:19","guid":{"rendered":"https:\/\/le-campus.org\/blog\/?page_id=14618"},"modified":"2025-06-07T15:57:40","modified_gmt":"2025-06-07T13:57:40","slug":"ecologie","status":"publish","type":"page","link":"http:\/\/le-campus.org\/blog\/ecologie\/","title":{"rendered":"Ecologie"},"content":{"rendered":"\t\t<div data-elementor-type=\"wp-page\" data-elementor-id=\"14618\" class=\"elementor elementor-14618\">\n\t\t\t\t\t\t\t\t\t<section class=\"elementor-section elementor-top-section elementor-element elementor-element-040c85a elementor-section-boxed elementor-section-height-default elementor-section-height-default\" data-id=\"040c85a\" data-element_type=\"section\">\n\t\t\t\t\t\t<div class=\"elementor-container elementor-column-gap-default\">\n\t\t\t\t\t<div class=\"elementor-column elementor-col-100 elementor-top-column elementor-element elementor-element-97182ee\" data-id=\"97182ee\" data-element_type=\"column\">\n\t\t\t<div class=\"elementor-widget-wrap elementor-element-populated\">\n\t\t\t\t\t\t\t\t<div class=\"elementor-element elementor-element-981fe6f elementor-widget elementor-widget-text-editor\" data-id=\"981fe6f\" data-element_type=\"widget\" data-widget_type=\"text-editor.default\">\n\t\t\t\t<div class=\"elementor-widget-container\">\n\t\t\t\t\t\t\t<p>L&rsquo;atelier Vid\u00e9o du Campus Espace Jeunes cr\u00e9\u00e9 tous les ans des courts m\u00e9trages sur diverses th\u00e9matiques.&nbsp;<\/p>\n<p>En 2025, les jeunes on choisis de r\u00e9aliser un Stop Motion sur le th\u00e8me de l&rsquo;Ecologie.&nbsp;<\/p>\n<p>Leur court m\u00e9trage \u00e0 remport\u00e9 le prix de la r\u00e9alisation (cat\u00e9gorie 10\/15 ans) au Short Cut Festival de la Roche sur Yon.&nbsp;<\/p>\t\t\t\t\t\t<\/div>\n\t\t\t\t<\/div>\n\t\t\t\t\t<\/div>\n\t\t<\/div>\n\t\t\t\t\t\t\t<\/div>\n\t\t<\/section>\n\t\t\t\t<section class=\"elementor-section elementor-top-section elementor-element elementor-element-4a0b830 elementor-section-boxed elementor-section-height-default elementor-section-height-default\" data-id=\"4a0b830\" data-element_type=\"section\">\n\t\t\t\t\t\t<div class=\"elementor-container elementor-column-gap-default\">\n\t\t\t\t\t<div class=\"elementor-column elementor-col-100 elementor-top-column elementor-element elementor-element-9d12438\" data-id=\"9d12438\" data-element_type=\"column\">\n\t\t\t<div class=\"elementor-widget-wrap elementor-element-populated\">\n\t\t\t\t\t\t\t\t<div class=\"elementor-element elementor-element-6c33ed9 elementor-widget elementor-widget-video\" data-id=\"6c33ed9\" data-element_type=\"widget\" data-settings=\"{&quot;youtube_url&quot;:&quot;https:\\\/\\\/www.youtube.com\\\/watch?v=P-nTxWqENu8&quot;,&quot;video_type&quot;:&quot;youtube&quot;,&quot;controls&quot;:&quot;yes&quot;}\" data-widget_type=\"video.default\">\n\t\t\t\t<div class=\"elementor-widget-container\">\n\t\t\t\t\t<div class=\"elementor-wrapper elementor-open-inline\">\n\t\t\t<div class=\"elementor-video\"><\/div>\t\t<\/div>\n\t\t\t\t<\/div>\n\t\t\t\t<\/div>\n\t\t\t\t\t<\/div>\n\t\t<\/div>\n\t\t\t\t\t\t\t<\/div>\n\t\t<\/section>\n\t\t\t\t<section class=\"elementor-section elementor-top-section elementor-element elementor-element-fe0cae8 elementor-section-boxed elementor-section-height-default elementor-section-height-default\" data-id=\"fe0cae8\" data-element_type=\"section\">\n\t\t\t\t\t\t<div class=\"elementor-container elementor-column-gap-default\">\n\t\t\t\t\t<div class=\"elementor-column elementor-col-100 elementor-top-column elementor-element elementor-element-79b73b0\" data-id=\"79b73b0\" data-element_type=\"column\">\n\t\t\t<div class=\"elementor-widget-wrap elementor-element-populated\">\n\t\t\t\t\t\t\t\t<div class=\"elementor-element elementor-element-32dc381 elementor-widget elementor-widget-image\" data-id=\"32dc381\" data-element_type=\"widget\" data-widget_type=\"image.default\">\n\t\t\t\t<div class=\"elementor-widget-container\">\n\t\t\t\t\t\t\t\t\t\t\t\t\t\t\t<img loading=\"lazy\" decoding=\"async\" width=\"800\" height=\"450\" src=\"https:\/\/i0.wp.com\/le-campus.org\/blog\/wp-content\/uploads\/2025\/06\/DSC06643-scaled.jpg?fit=800%2C450\" class=\"attachment-large size-large wp-image-14626\" alt=\"\" srcset=\"https:\/\/i0.wp.com\/le-campus.org\/blog\/wp-content\/uploads\/2025\/06\/DSC06643-scaled.jpg?w=2560 2560w, https:\/\/i0.wp.com\/le-campus.org\/blog\/wp-content\/uploads\/2025\/06\/DSC06643-scaled.jpg?resize=300%2C169 300w, https:\/\/i0.wp.com\/le-campus.org\/blog\/wp-content\/uploads\/2025\/06\/DSC06643-scaled.jpg?resize=1024%2C576 1024w, https:\/\/i0.wp.com\/le-campus.org\/blog\/wp-content\/uploads\/2025\/06\/DSC06643-scaled.jpg?resize=768%2C432 768w, https:\/\/i0.wp.com\/le-campus.org\/blog\/wp-content\/uploads\/2025\/06\/DSC06643-scaled.jpg?resize=1536%2C864 1536w, https:\/\/i0.wp.com\/le-campus.org\/blog\/wp-content\/uploads\/2025\/06\/DSC06643-scaled.jpg?resize=2048%2C1152 2048w, https:\/\/i0.wp.com\/le-campus.org\/blog\/wp-content\/uploads\/2025\/06\/DSC06643-scaled.jpg?resize=1320%2C743 1320w, https:\/\/i0.wp.com\/le-campus.org\/blog\/wp-content\/uploads\/2025\/06\/DSC06643-scaled.jpg?w=1600 1600w, https:\/\/i0.wp.com\/le-campus.org\/blog\/wp-content\/uploads\/2025\/06\/DSC06643-scaled.jpg?w=2400 2400w\" sizes=\"(max-width: 800px) 100vw, 800px\" \/>\t\t\t\t\t\t\t\t\t\t\t\t\t\t\t<\/div>\n\t\t\t\t<\/div>\n\t\t\t\t\t<\/div>\n\t\t<\/div>\n\t\t\t\t\t\t\t<\/div>\n\t\t<\/section>\n\t\t\t\t<section class=\"elementor-section elementor-top-section elementor-element elementor-element-4ba7411 elementor-section-boxed elementor-section-height-default elementor-section-height-default\" data-id=\"4ba7411\" data-element_type=\"section\">\n\t\t\t\t\t\t<div class=\"elementor-container elementor-column-gap-default\">\n\t\t\t\t\t<div class=\"elementor-column elementor-col-100 elementor-top-column elementor-element elementor-element-d5beb55\" data-id=\"d5beb55\" data-element_type=\"column\">\n\t\t\t<div class=\"elementor-widget-wrap elementor-element-populated\">\n\t\t\t\t\t\t\t\t<div class=\"elementor-element elementor-element-7ad79b1 elementor-widget elementor-widget-image\" data-id=\"7ad79b1\" data-element_type=\"widget\" data-widget_type=\"image.default\">\n\t\t\t\t<div class=\"elementor-widget-container\">\n\t\t\t\t\t\t\t\t\t\t\t\t\t\t\t<img loading=\"lazy\" decoding=\"async\" width=\"800\" height=\"450\" src=\"https:\/\/i0.wp.com\/le-campus.org\/blog\/wp-content\/uploads\/2025\/06\/DSC06644-scaled.jpg?fit=800%2C450\" class=\"attachment-large size-large wp-image-14627\" alt=\"\" srcset=\"https:\/\/i0.wp.com\/le-campus.org\/blog\/wp-content\/uploads\/2025\/06\/DSC06644-scaled.jpg?w=2560 2560w, https:\/\/i0.wp.com\/le-campus.org\/blog\/wp-content\/uploads\/2025\/06\/DSC06644-scaled.jpg?resize=300%2C169 300w, https:\/\/i0.wp.com\/le-campus.org\/blog\/wp-content\/uploads\/2025\/06\/DSC06644-scaled.jpg?resize=1024%2C576 1024w, https:\/\/i0.wp.com\/le-campus.org\/blog\/wp-content\/uploads\/2025\/06\/DSC06644-scaled.jpg?resize=768%2C432 768w, https:\/\/i0.wp.com\/le-campus.org\/blog\/wp-content\/uploads\/2025\/06\/DSC06644-scaled.jpg?resize=1536%2C864 1536w, https:\/\/i0.wp.com\/le-campus.org\/blog\/wp-content\/uploads\/2025\/06\/DSC06644-scaled.jpg?resize=2048%2C1152 2048w, https:\/\/i0.wp.com\/le-campus.org\/blog\/wp-content\/uploads\/2025\/06\/DSC06644-scaled.jpg?resize=1320%2C743 1320w, https:\/\/i0.wp.com\/le-campus.org\/blog\/wp-content\/uploads\/2025\/06\/DSC06644-scaled.jpg?w=1600 1600w, https:\/\/i0.wp.com\/le-campus.org\/blog\/wp-content\/uploads\/2025\/06\/DSC06644-scaled.jpg?w=2400 2400w\" sizes=\"(max-width: 800px) 100vw, 800px\" \/>\t\t\t\t\t\t\t\t\t\t\t\t\t\t\t<\/div>\n\t\t\t\t<\/div>\n\t\t\t\t<div class=\"elementor-element elementor-element-77b25e7 elementor-widget elementor-widget-image\" data-id=\"77b25e7\" data-element_type=\"widget\" data-widget_type=\"image.default\">\n\t\t\t\t<div class=\"elementor-widget-container\">\n\t\t\t\t\t\t\t\t\t\t\t\t\t\t\t<img loading=\"lazy\" decoding=\"async\" width=\"800\" height=\"450\" src=\"https:\/\/i0.wp.com\/le-campus.org\/blog\/wp-content\/uploads\/2025\/06\/DSC06636-scaled.jpg?fit=800%2C450\" class=\"attachment-large size-large wp-image-14624\" alt=\"\" srcset=\"https:\/\/i0.wp.com\/le-campus.org\/blog\/wp-content\/uploads\/2025\/06\/DSC06636-scaled.jpg?w=2560 2560w, https:\/\/i0.wp.com\/le-campus.org\/blog\/wp-content\/uploads\/2025\/06\/DSC06636-scaled.jpg?resize=300%2C169 300w, https:\/\/i0.wp.com\/le-campus.org\/blog\/wp-content\/uploads\/2025\/06\/DSC06636-scaled.jpg?resize=1024%2C576 1024w, https:\/\/i0.wp.com\/le-campus.org\/blog\/wp-content\/uploads\/2025\/06\/DSC06636-scaled.jpg?resize=768%2C432 768w, https:\/\/i0.wp.com\/le-campus.org\/blog\/wp-content\/uploads\/2025\/06\/DSC06636-scaled.jpg?resize=1536%2C864 1536w, https:\/\/i0.wp.com\/le-campus.org\/blog\/wp-content\/uploads\/2025\/06\/DSC06636-scaled.jpg?resize=2048%2C1152 2048w, https:\/\/i0.wp.com\/le-campus.org\/blog\/wp-content\/uploads\/2025\/06\/DSC06636-scaled.jpg?resize=1320%2C743 1320w, https:\/\/i0.wp.com\/le-campus.org\/blog\/wp-content\/uploads\/2025\/06\/DSC06636-scaled.jpg?w=1600 1600w, https:\/\/i0.wp.com\/le-campus.org\/blog\/wp-content\/uploads\/2025\/06\/DSC06636-scaled.jpg?w=2400 2400w\" sizes=\"(max-width: 800px) 100vw, 800px\" \/>\t\t\t\t\t\t\t\t\t\t\t\t\t\t\t<\/div>\n\t\t\t\t<\/div>\n\t\t\t\t<div class=\"elementor-element elementor-element-3a2d6d6 elementor-widget elementor-widget-image\" data-id=\"3a2d6d6\" data-element_type=\"widget\" data-widget_type=\"image.default\">\n\t\t\t\t<div class=\"elementor-widget-container\">\n\t\t\t\t\t\t\t\t\t\t\t\t\t\t\t<img loading=\"lazy\" decoding=\"async\" width=\"800\" height=\"450\" src=\"https:\/\/i0.wp.com\/le-campus.org\/blog\/wp-content\/uploads\/2025\/06\/DSC06628-scaled.jpg?fit=800%2C450\" class=\"attachment-large size-large wp-image-14623\" alt=\"\" srcset=\"https:\/\/i0.wp.com\/le-campus.org\/blog\/wp-content\/uploads\/2025\/06\/DSC06628-scaled.jpg?w=2560 2560w, https:\/\/i0.wp.com\/le-campus.org\/blog\/wp-content\/uploads\/2025\/06\/DSC06628-scaled.jpg?resize=300%2C169 300w, https:\/\/i0.wp.com\/le-campus.org\/blog\/wp-content\/uploads\/2025\/06\/DSC06628-scaled.jpg?resize=1024%2C576 1024w, https:\/\/i0.wp.com\/le-campus.org\/blog\/wp-content\/uploads\/2025\/06\/DSC06628-scaled.jpg?resize=768%2C432 768w, https:\/\/i0.wp.com\/le-campus.org\/blog\/wp-content\/uploads\/2025\/06\/DSC06628-scaled.jpg?resize=1536%2C864 1536w, https:\/\/i0.wp.com\/le-campus.org\/blog\/wp-content\/uploads\/2025\/06\/DSC06628-scaled.jpg?resize=2048%2C1152 2048w, https:\/\/i0.wp.com\/le-campus.org\/blog\/wp-content\/uploads\/2025\/06\/DSC06628-scaled.jpg?resize=1320%2C743 1320w, https:\/\/i0.wp.com\/le-campus.org\/blog\/wp-content\/uploads\/2025\/06\/DSC06628-scaled.jpg?w=1600 1600w, https:\/\/i0.wp.com\/le-campus.org\/blog\/wp-content\/uploads\/2025\/06\/DSC06628-scaled.jpg?w=2400 2400w\" sizes=\"(max-width: 800px) 100vw, 800px\" \/>\t\t\t\t\t\t\t\t\t\t\t\t\t\t\t<\/div>\n\t\t\t\t<\/div>\n\t\t\t\t\t<\/div>\n\t\t<\/div>\n\t\t\t\t\t\t\t<\/div>\n\t\t<\/section>\n\t\t\t\t\t\t\t<\/div>\n\t\t","protected":false},"excerpt":{"rendered":"<p>L&rsquo;atelier Vid\u00e9o du Campus Espace Jeunes cr\u00e9\u00e9 tous les ans des courts m\u00e9trages sur diverses th\u00e9matiques.&nbsp; En 2025, les jeunes on choisis de r\u00e9aliser un Stop Motion sur le th\u00e8me &#8230;<\/p>\n","protected":false},"author":1,"featured_media":0,"parent":0,"menu_order":0,"comment_status":"closed","ping_status":"closed","template":"","meta":{"jetpack_post_was_ever_published":false,"footnotes":""},"yoast_head":"<!-- This site is optimized with the Yoast SEO plugin v20.1 - https:\/\/yoast.com\/wordpress\/plugins\/seo\/ -->\n<title>Ecologie - Le Campus Espace Jeunes<\/title>\n<meta name=\"robots\" content=\"index, follow, max-snippet:-1, max-image-preview:large, max-video-preview:-1\" \/>\n<link rel=\"canonical\" href=\"http:\/\/le-campus.org\/blog\/ecologie\/\" \/>\n<meta property=\"og:locale\" content=\"fr_FR\" \/>\n<meta property=\"og:type\" content=\"article\" \/>\n<meta property=\"og:title\" content=\"Ecologie - Le Campus Espace Jeunes\" \/>\n<meta property=\"og:description\" content=\"L&rsquo;atelier Vid\u00e9o du Campus Espace Jeunes cr\u00e9\u00e9 tous les ans des courts m\u00e9trages sur diverses th\u00e9matiques.&nbsp; En 2025, les jeunes on choisis de r\u00e9aliser un Stop Motion sur le th\u00e8me ...\" \/>\n<meta property=\"og:url\" content=\"http:\/\/le-campus.org\/blog\/ecologie\/\" \/>\n<meta property=\"og:site_name\" content=\"Le Campus Espace Jeunes\" \/>\n<meta property=\"article:publisher\" content=\"https:\/\/www.facebook.com\/pages\/Le-Campus-Espace-Jeunes\/357197730957345\" \/>\n<meta property=\"article:modified_time\" content=\"2025-06-07T13:57:40+00:00\" \/>\n<meta property=\"og:image\" content=\"http:\/\/le-campus.org\/blog\/wp-content\/uploads\/2025\/06\/DSC06643-1024x576.jpg\" \/>\n<script type=\"application\/ld+json\" class=\"yoast-schema-graph\">{\"@context\":\"https:\/\/schema.org\",\"@graph\":[{\"@type\":\"WebPage\",\"@id\":\"http:\/\/le-campus.org\/blog\/ecologie\/\",\"url\":\"http:\/\/le-campus.org\/blog\/ecologie\/\",\"name\":\"Ecologie - Le Campus Espace Jeunes\",\"isPartOf\":{\"@id\":\"http:\/\/le-campus.org\/blog\/#website\"},\"datePublished\":\"2025-06-07T13:50:19+00:00\",\"dateModified\":\"2025-06-07T13:57:40+00:00\",\"inLanguage\":\"fr-FR\",\"potentialAction\":[{\"@type\":\"ReadAction\",\"target\":[\"http:\/\/le-campus.org\/blog\/ecologie\/\"]}]},{\"@type\":\"WebSite\",\"@id\":\"http:\/\/le-campus.org\/blog\/#website\",\"url\":\"http:\/\/le-campus.org\/blog\/\",\"name\":\"Le Campus Espace Jeunes\",\"description\":\"\",\"publisher\":{\"@id\":\"http:\/\/le-campus.org\/blog\/#organization\"},\"potentialAction\":[{\"@type\":\"SearchAction\",\"target\":{\"@type\":\"EntryPoint\",\"urlTemplate\":\"http:\/\/le-campus.org\/blog\/?s={search_term_string}\"},\"query-input\":\"required name=search_term_string\"}],\"inLanguage\":\"fr-FR\"},{\"@type\":\"Organization\",\"@id\":\"http:\/\/le-campus.org\/blog\/#organization\",\"name\":\"Le Campus Espace Jeunes\",\"url\":\"http:\/\/le-campus.org\/blog\/\",\"logo\":{\"@type\":\"ImageObject\",\"inLanguage\":\"fr-FR\",\"@id\":\"http:\/\/le-campus.org\/blog\/#\/schema\/logo\/image\/\",\"url\":\"https:\/\/i0.wp.com\/le-campus.org\/blog\/wp-content\/uploads\/2016\/09\/cropped-Logo_Long-2.png?fit=285%2C90\",\"contentUrl\":\"https:\/\/i0.wp.com\/le-campus.org\/blog\/wp-content\/uploads\/2016\/09\/cropped-Logo_Long-2.png?fit=285%2C90\",\"width\":285,\"height\":90,\"caption\":\"Le Campus Espace Jeunes\"},\"image\":{\"@id\":\"http:\/\/le-campus.org\/blog\/#\/schema\/logo\/image\/\"},\"sameAs\":[\"https:\/\/www.facebook.com\/pages\/Le-Campus-Espace-Jeunes\/357197730957345\"]}]}<\/script>\n<!-- \/ Yoast SEO plugin. -->","yoast_head_json":{"title":"Ecologie - Le Campus Espace Jeunes","robots":{"index":"index","follow":"follow","max-snippet":"max-snippet:-1","max-image-preview":"max-image-preview:large","max-video-preview":"max-video-preview:-1"},"canonical":"http:\/\/le-campus.org\/blog\/ecologie\/","og_locale":"fr_FR","og_type":"article","og_title":"Ecologie - Le Campus Espace Jeunes","og_description":"L&rsquo;atelier Vid\u00e9o du Campus Espace Jeunes cr\u00e9\u00e9 tous les ans des courts m\u00e9trages sur diverses th\u00e9matiques.&nbsp; En 2025, les jeunes on choisis de r\u00e9aliser un Stop Motion sur le th\u00e8me ...","og_url":"http:\/\/le-campus.org\/blog\/ecologie\/","og_site_name":"Le Campus Espace Jeunes","article_publisher":"https:\/\/www.facebook.com\/pages\/Le-Campus-Espace-Jeunes\/357197730957345","article_modified_time":"2025-06-07T13:57:40+00:00","og_image":[{"url":"http:\/\/le-campus.org\/blog\/wp-content\/uploads\/2025\/06\/DSC06643-1024x576.jpg"}],"schema":{"@context":"https:\/\/schema.org","@graph":[{"@type":"WebPage","@id":"http:\/\/le-campus.org\/blog\/ecologie\/","url":"http:\/\/le-campus.org\/blog\/ecologie\/","name":"Ecologie - Le Campus Espace Jeunes","isPartOf":{"@id":"http:\/\/le-campus.org\/blog\/#website"},"datePublished":"2025-06-07T13:50:19+00:00","dateModified":"2025-06-07T13:57:40+00:00","inLanguage":"fr-FR","potentialAction":[{"@type":"ReadAction","target":["http:\/\/le-campus.org\/blog\/ecologie\/"]}]},{"@type":"WebSite","@id":"http:\/\/le-campus.org\/blog\/#website","url":"http:\/\/le-campus.org\/blog\/","name":"Le Campus Espace Jeunes","description":"","publisher":{"@id":"http:\/\/le-campus.org\/blog\/#organization"},"potentialAction":[{"@type":"SearchAction","target":{"@type":"EntryPoint","urlTemplate":"http:\/\/le-campus.org\/blog\/?s={search_term_string}"},"query-input":"required name=search_term_string"}],"inLanguage":"fr-FR"},{"@type":"Organization","@id":"http:\/\/le-campus.org\/blog\/#organization","name":"Le Campus Espace Jeunes","url":"http:\/\/le-campus.org\/blog\/","logo":{"@type":"ImageObject","inLanguage":"fr-FR","@id":"http:\/\/le-campus.org\/blog\/#\/schema\/logo\/image\/","url":"https:\/\/i0.wp.com\/le-campus.org\/blog\/wp-content\/uploads\/2016\/09\/cropped-Logo_Long-2.png?fit=285%2C90","contentUrl":"https:\/\/i0.wp.com\/le-campus.org\/blog\/wp-content\/uploads\/2016\/09\/cropped-Logo_Long-2.png?fit=285%2C90","width":285,"height":90,"caption":"Le Campus Espace Jeunes"},"image":{"@id":"http:\/\/le-campus.org\/blog\/#\/schema\/logo\/image\/"},"sameAs":["https:\/\/www.facebook.com\/pages\/Le-Campus-Espace-Jeunes\/357197730957345"]}]}},"jetpack_sharing_enabled":true,"jetpack_shortlink":"https:\/\/wp.me\/P7SwBl-3NM","jetpack-related-posts":[],"amp_enabled":true,"_links":{"self":[{"href":"http:\/\/le-campus.org\/blog\/wp-json\/wp\/v2\/pages\/14618"}],"collection":[{"href":"http:\/\/le-campus.org\/blog\/wp-json\/wp\/v2\/pages"}],"about":[{"href":"http:\/\/le-campus.org\/blog\/wp-json\/wp\/v2\/types\/page"}],"author":[{"embeddable":true,"href":"http:\/\/le-campus.org\/blog\/wp-json\/wp\/v2\/users\/1"}],"replies":[{"embeddable":true,"href":"http:\/\/le-campus.org\/blog\/wp-json\/wp\/v2\/comments?post=14618"}],"version-history":[{"count":7,"href":"http:\/\/le-campus.org\/blog\/wp-json\/wp\/v2\/pages\/14618\/revisions"}],"predecessor-version":[{"id":14633,"href":"http:\/\/le-campus.org\/blog\/wp-json\/wp\/v2\/pages\/14618\/revisions\/14633"}],"wp:attachment":[{"href":"http:\/\/le-campus.org\/blog\/wp-json\/wp\/v2\/media?parent=14618"}],"curies":[{"name":"wp","href":"https:\/\/api.w.org\/{rel}","templated":true}]}}