{"id":11675,"date":"2022-02-14T14:46:04","date_gmt":"2022-02-14T12:46:04","guid":{"rendered":"http:\/\/le-campus.org\/blog\/?page_id=11675"},"modified":"2022-02-15T18:58:58","modified_gmt":"2022-02-15T16:58:58","slug":"humanitaire","status":"publish","type":"page","link":"http:\/\/le-campus.org\/blog\/humanitaire\/","title":{"rendered":"Actions Solidaires"},"content":{"rendered":"\t\t<div data-elementor-type=\"wp-page\" data-elementor-id=\"11675\" class=\"elementor elementor-11675\">\n\t\t\t\t\t\t\t\t\t<section class=\"elementor-section elementor-top-section elementor-element elementor-element-e8bd7ff elementor-section-boxed elementor-section-height-default elementor-section-height-default\" data-id=\"e8bd7ff\" data-element_type=\"section\">\n\t\t\t\t\t\t<div class=\"elementor-container elementor-column-gap-default\">\n\t\t\t\t\t<div class=\"elementor-column elementor-col-100 elementor-top-column elementor-element elementor-element-587aa38\" data-id=\"587aa38\" data-element_type=\"column\">\n\t\t\t<div class=\"elementor-widget-wrap elementor-element-populated\">\n\t\t\t\t\t\t\t\t<div class=\"elementor-element elementor-element-7478a32 elementor-widget elementor-widget-text-editor\" data-id=\"7478a32\" data-element_type=\"widget\" data-widget_type=\"text-editor.default\">\n\t\t\t\t<div class=\"elementor-widget-container\">\n\t\t\t\t\t\t\t<h2><strong>Actions solidaires<br><\/strong><\/h2>\n<p align=\"JUSTIFY\">Chaque ann\u00e9e les jeunes du Campus s\u2019investissent dans plusieurs actions citoyennes :<\/p>\n<ul>\n<li>\n<p align=\"JUSTIFY\"><strong>La Banque Alimentaire :<\/strong> Collecte des denr\u00e9es alimentaires au mois de D\u00e9cembre au Super U de Lu\u00e7on.<\/p>\n<\/li>\n<li>\n<p align=\"JUSTIFY\"><strong>Le T\u00e9l\u00e9thon :<\/strong> Collecte de fonds pour le T\u00e9l\u00e9thon pendant le week-end du march\u00e9 de No\u00ebl de Lu\u00e7on (avec diff\u00e9rentes animations propos\u00e9es).<\/p>\n<\/li>\n<\/ul><br>\t\t\t\t\t\t<\/div>\n\t\t\t\t<\/div>\n\t\t\t\t\t<\/div>\n\t\t<\/div>\n\t\t\t\t\t\t\t<\/div>\n\t\t<\/section>\n\t\t\t\t\t\t\t<\/div>\n\t\t","protected":false},"excerpt":{"rendered":"<p>Actions solidaires Chaque ann\u00e9e les jeunes du Campus s\u2019investissent dans plusieurs actions citoyennes : La Banque Alimentaire : Collecte des denr\u00e9es alimentaires au mois de D\u00e9cembre au Super U de &#8230;<\/p>\n","protected":false},"author":1,"featured_media":0,"parent":0,"menu_order":0,"comment_status":"closed","ping_status":"closed","template":"","meta":{"jetpack_post_was_ever_published":false,"footnotes":""},"yoast_head":"<!-- This site is optimized with the Yoast SEO plugin v20.1 - https:\/\/yoast.com\/wordpress\/plugins\/seo\/ -->\n<title>Actions Solidaires - Le Campus Espace Jeunes<\/title>\n<meta name=\"robots\" content=\"index, follow, max-snippet:-1, max-image-preview:large, max-video-preview:-1\" \/>\n<link rel=\"canonical\" href=\"http:\/\/le-campus.org\/blog\/humanitaire\/\" \/>\n<meta property=\"og:locale\" content=\"fr_FR\" \/>\n<meta property=\"og:type\" content=\"article\" \/>\n<meta property=\"og:title\" content=\"Actions Solidaires - Le Campus Espace Jeunes\" \/>\n<meta property=\"og:description\" content=\"Actions solidaires Chaque ann\u00e9e les jeunes du Campus s\u2019investissent dans plusieurs actions citoyennes : La Banque Alimentaire : Collecte des denr\u00e9es alimentaires au mois de D\u00e9cembre au Super U de ...\" \/>\n<meta property=\"og:url\" content=\"http:\/\/le-campus.org\/blog\/humanitaire\/\" \/>\n<meta property=\"og:site_name\" content=\"Le Campus Espace Jeunes\" \/>\n<meta property=\"article:publisher\" content=\"https:\/\/www.facebook.com\/pages\/Le-Campus-Espace-Jeunes\/357197730957345\" \/>\n<meta property=\"article:modified_time\" content=\"2022-02-15T16:58:58+00:00\" \/>\n<meta name=\"twitter:label1\" content=\"Dur\u00e9e de lecture estim\u00e9e\" \/>\n\t<meta name=\"twitter:data1\" content=\"1 minute\" \/>\n<script type=\"application\/ld+json\" class=\"yoast-schema-graph\">{\"@context\":\"https:\/\/schema.org\",\"@graph\":[{\"@type\":\"WebPage\",\"@id\":\"http:\/\/le-campus.org\/blog\/humanitaire\/\",\"url\":\"http:\/\/le-campus.org\/blog\/humanitaire\/\",\"name\":\"Actions Solidaires - Le Campus Espace Jeunes\",\"isPartOf\":{\"@id\":\"http:\/\/le-campus.org\/blog\/#website\"},\"datePublished\":\"2022-02-14T12:46:04+00:00\",\"dateModified\":\"2022-02-15T16:58:58+00:00\",\"inLanguage\":\"fr-FR\",\"potentialAction\":[{\"@type\":\"ReadAction\",\"target\":[\"http:\/\/le-campus.org\/blog\/humanitaire\/\"]}]},{\"@type\":\"WebSite\",\"@id\":\"http:\/\/le-campus.org\/blog\/#website\",\"url\":\"http:\/\/le-campus.org\/blog\/\",\"name\":\"Le Campus Espace Jeunes\",\"description\":\"\",\"publisher\":{\"@id\":\"http:\/\/le-campus.org\/blog\/#organization\"},\"potentialAction\":[{\"@type\":\"SearchAction\",\"target\":{\"@type\":\"EntryPoint\",\"urlTemplate\":\"http:\/\/le-campus.org\/blog\/?s={search_term_string}\"},\"query-input\":\"required name=search_term_string\"}],\"inLanguage\":\"fr-FR\"},{\"@type\":\"Organization\",\"@id\":\"http:\/\/le-campus.org\/blog\/#organization\",\"name\":\"Le Campus Espace Jeunes\",\"url\":\"http:\/\/le-campus.org\/blog\/\",\"logo\":{\"@type\":\"ImageObject\",\"inLanguage\":\"fr-FR\",\"@id\":\"http:\/\/le-campus.org\/blog\/#\/schema\/logo\/image\/\",\"url\":\"https:\/\/i0.wp.com\/le-campus.org\/blog\/wp-content\/uploads\/2016\/09\/cropped-Logo_Long-2.png?fit=285%2C90\",\"contentUrl\":\"https:\/\/i0.wp.com\/le-campus.org\/blog\/wp-content\/uploads\/2016\/09\/cropped-Logo_Long-2.png?fit=285%2C90\",\"width\":285,\"height\":90,\"caption\":\"Le Campus Espace Jeunes\"},\"image\":{\"@id\":\"http:\/\/le-campus.org\/blog\/#\/schema\/logo\/image\/\"},\"sameAs\":[\"https:\/\/www.facebook.com\/pages\/Le-Campus-Espace-Jeunes\/357197730957345\"]}]}<\/script>\n<!-- \/ Yoast SEO plugin. -->","yoast_head_json":{"title":"Actions Solidaires - Le Campus Espace Jeunes","robots":{"index":"index","follow":"follow","max-snippet":"max-snippet:-1","max-image-preview":"max-image-preview:large","max-video-preview":"max-video-preview:-1"},"canonical":"http:\/\/le-campus.org\/blog\/humanitaire\/","og_locale":"fr_FR","og_type":"article","og_title":"Actions Solidaires - Le Campus Espace Jeunes","og_description":"Actions solidaires Chaque ann\u00e9e les jeunes du Campus s\u2019investissent dans plusieurs actions citoyennes : La Banque Alimentaire : Collecte des denr\u00e9es alimentaires au mois de D\u00e9cembre au Super U de ...","og_url":"http:\/\/le-campus.org\/blog\/humanitaire\/","og_site_name":"Le Campus Espace Jeunes","article_publisher":"https:\/\/www.facebook.com\/pages\/Le-Campus-Espace-Jeunes\/357197730957345","article_modified_time":"2022-02-15T16:58:58+00:00","twitter_misc":{"Dur\u00e9e de lecture estim\u00e9e":"1 minute"},"schema":{"@context":"https:\/\/schema.org","@graph":[{"@type":"WebPage","@id":"http:\/\/le-campus.org\/blog\/humanitaire\/","url":"http:\/\/le-campus.org\/blog\/humanitaire\/","name":"Actions Solidaires - Le Campus Espace Jeunes","isPartOf":{"@id":"http:\/\/le-campus.org\/blog\/#website"},"datePublished":"2022-02-14T12:46:04+00:00","dateModified":"2022-02-15T16:58:58+00:00","inLanguage":"fr-FR","potentialAction":[{"@type":"ReadAction","target":["http:\/\/le-campus.org\/blog\/humanitaire\/"]}]},{"@type":"WebSite","@id":"http:\/\/le-campus.org\/blog\/#website","url":"http:\/\/le-campus.org\/blog\/","name":"Le Campus Espace Jeunes","description":"","publisher":{"@id":"http:\/\/le-campus.org\/blog\/#organization"},"potentialAction":[{"@type":"SearchAction","target":{"@type":"EntryPoint","urlTemplate":"http:\/\/le-campus.org\/blog\/?s={search_term_string}"},"query-input":"required name=search_term_string"}],"inLanguage":"fr-FR"},{"@type":"Organization","@id":"http:\/\/le-campus.org\/blog\/#organization","name":"Le Campus Espace Jeunes","url":"http:\/\/le-campus.org\/blog\/","logo":{"@type":"ImageObject","inLanguage":"fr-FR","@id":"http:\/\/le-campus.org\/blog\/#\/schema\/logo\/image\/","url":"https:\/\/i0.wp.com\/le-campus.org\/blog\/wp-content\/uploads\/2016\/09\/cropped-Logo_Long-2.png?fit=285%2C90","contentUrl":"https:\/\/i0.wp.com\/le-campus.org\/blog\/wp-content\/uploads\/2016\/09\/cropped-Logo_Long-2.png?fit=285%2C90","width":285,"height":90,"caption":"Le Campus Espace Jeunes"},"image":{"@id":"http:\/\/le-campus.org\/blog\/#\/schema\/logo\/image\/"},"sameAs":["https:\/\/www.facebook.com\/pages\/Le-Campus-Espace-Jeunes\/357197730957345"]}]}},"jetpack_sharing_enabled":true,"jetpack_shortlink":"https:\/\/wp.me\/P7SwBl-32j","jetpack-related-posts":[],"amp_enabled":true,"_links":{"self":[{"href":"http:\/\/le-campus.org\/blog\/wp-json\/wp\/v2\/pages\/11675"}],"collection":[{"href":"http:\/\/le-campus.org\/blog\/wp-json\/wp\/v2\/pages"}],"about":[{"href":"http:\/\/le-campus.org\/blog\/wp-json\/wp\/v2\/types\/page"}],"author":[{"embeddable":true,"href":"http:\/\/le-campus.org\/blog\/wp-json\/wp\/v2\/users\/1"}],"replies":[{"embeddable":true,"href":"http:\/\/le-campus.org\/blog\/wp-json\/wp\/v2\/comments?post=11675"}],"version-history":[{"count":0,"href":"http:\/\/le-campus.org\/blog\/wp-json\/wp\/v2\/pages\/11675\/revisions"}],"wp:attachment":[{"href":"http:\/\/le-campus.org\/blog\/wp-json\/wp\/v2\/media?parent=11675"}],"curies":[{"name":"wp","href":"https:\/\/api.w.org\/{rel}","templated":true}]}}